{"id":63,"date":"2026-03-03T09:57:51","date_gmt":"2026-03-03T09:57:51","guid":{"rendered":"https:\/\/jordistone.com\/index.php\/inici\/"},"modified":"2026-03-27T11:49:25","modified_gmt":"2026-03-27T11:49:25","slug":"inici","status":"publish","type":"page","link":"https:\/\/jordistone.com\/ca\/","title":{"rendered":"Inici"},"content":{"rendered":"\n<section class=\"hero-section\">\n\t<a href=\"https:\/\/jordistone.com\/ca\/\" title=\"Jordi Stone\" class=\"header__brand\">Jordi Stone<\/a>\n\t<img decoding=\"async\" class=\"hero-section__logo\" src=\"https:\/\/jordistone.com\/wp-content\/themes\/jordi-stone\/static\/images\/anagrama-jordi-stone.svg\" alt=\"Jordi Stone\">\n\t\n<div id=\"hero-slider-first\"\n\tclass=\"hero-slider\"\n\tstyle=\"--ticker-duration: 24s\">\n\t<div class=\"ticker-track\">\n\n\t\t<div class=\"ticker-set\">\n\t\t\t\t\t\t\t<div class=\"hero-slider__item hero-slider__item--landscape\">\n\t\t\t\t\t<img decoding=\"async\" src=\"https:\/\/jordistone.com\/wp-content\/uploads\/2026\/03\/26070221-scaled.avif\" alt=\"\" \/>\n\t\t\t\t\t\t\t\t\t<\/div>\n\t\t\t\t\t\t\t<div class=\"hero-slider__item hero-slider__item--portrait\">\n\t\t\t\t\t<img decoding=\"async\" src=\"https:\/\/jordistone.com\/wp-content\/uploads\/2026\/03\/26070582-scaled.avif\" alt=\"\" \/>\n\t\t\t\t\t\t\t\t\t<\/div>\n\t\t\t\t\t\t\t<div class=\"hero-slider__item hero-slider__item--portrait\">\n\t\t\t\t\t<img decoding=\"async\" src=\"https:\/\/jordistone.com\/wp-content\/uploads\/2026\/03\/jordi-stone-cowboy.avif\" alt=\"\" \/>\n\t\t\t\t\t\t\t\t\t<\/div>\n\t\t\t\t\t\t\t<div class=\"hero-slider__item hero-slider__item--portrait\">\n\t\t\t\t\t<img decoding=\"async\" src=\"https:\/\/jordistone.com\/wp-content\/uploads\/2026\/03\/26070130-scaled.avif\" alt=\"\" \/>\n\t\t\t\t\t\t\t\t\t<\/div>\n\t\t\t\t\t<\/div>\n\n\t\t<div class=\"ticker-set\" aria-hidden=\"true\">\n\t\t\t\t\t\t\t<div class=\"hero-slider__item hero-slider__item--landscape\">\n\t\t\t\t\t<img decoding=\"async\" src=\"https:\/\/jordistone.com\/wp-content\/uploads\/2026\/03\/26070221-scaled.avif\" alt=\"\" \/>\n\t\t\t\t\t\t\t\t\t<\/div>\n\t\t\t\t\t\t\t<div class=\"hero-slider__item hero-slider__item--portrait\">\n\t\t\t\t\t<img decoding=\"async\" src=\"https:\/\/jordistone.com\/wp-content\/uploads\/2026\/03\/26070582-scaled.avif\" alt=\"\" \/>\n\t\t\t\t\t\t\t\t\t<\/div>\n\t\t\t\t\t\t\t<div class=\"hero-slider__item hero-slider__item--portrait\">\n\t\t\t\t\t<img decoding=\"async\" src=\"https:\/\/jordistone.com\/wp-content\/uploads\/2026\/03\/jordi-stone-cowboy.avif\" alt=\"\" \/>\n\t\t\t\t\t\t\t\t\t<\/div>\n\t\t\t\t\t\t\t<div class=\"hero-slider__item hero-slider__item--portrait\">\n\t\t\t\t\t<img decoding=\"async\" src=\"https:\/\/jordistone.com\/wp-content\/uploads\/2026\/03\/26070130-scaled.avif\" alt=\"\" \/>\n\t\t\t\t\t\t\t\t\t<\/div>\n\t\t\t\t\t<\/div>\n\n\t<\/div>\n<\/div>\t\n<div id=\"hero-slider-second\"\n\tclass=\"hero-slider hero-slider--reverse\"\n\tstyle=\"--ticker-duration: 24s\">\n\t<div class=\"ticker-track\">\n\n\t\t<div class=\"ticker-set\">\n\t\t\t\t\t\t\t<div class=\"hero-slider__item hero-slider__item--portrait\">\n\t\t\t\t\t<img decoding=\"async\" src=\"https:\/\/jordistone.com\/wp-content\/uploads\/2026\/03\/jordi-stone-disco.avif\" alt=\"\" \/>\n\t\t\t\t\t\t\t\t\t<\/div>\n\t\t\t\t\t\t\t<div class=\"hero-slider__item hero-slider__item--portrait\">\n\t\t\t\t\t<img decoding=\"async\" src=\"https:\/\/jordistone.com\/wp-content\/uploads\/2026\/03\/26070555-scaled.avif\" alt=\"\" \/>\n\t\t\t\t\t\t\t\t\t<\/div>\n\t\t\t\t\t\t\t<div class=\"hero-slider__item hero-slider__item--landscape\">\n\t\t\t\t\t<img decoding=\"async\" src=\"https:\/\/jordistone.com\/wp-content\/uploads\/2026\/03\/26070033-scaled.avif\" alt=\"\" \/>\n\t\t\t\t\t\t\t\t\t<\/div>\n\t\t\t\t\t\t\t<div class=\"hero-slider__item hero-slider__item--portrait\">\n\t\t\t\t\t<img decoding=\"async\" src=\"https:\/\/jordistone.com\/wp-content\/uploads\/2026\/03\/jordi-stone-rosa.avif\" alt=\"\" \/>\n\t\t\t\t\t\t\t\t\t<\/div>\n\t\t\t\t\t<\/div>\n\n\t\t<div class=\"ticker-set\" aria-hidden=\"true\">\n\t\t\t\t\t\t\t<div class=\"hero-slider__item hero-slider__item--portrait\">\n\t\t\t\t\t<img decoding=\"async\" src=\"https:\/\/jordistone.com\/wp-content\/uploads\/2026\/03\/jordi-stone-disco.avif\" alt=\"\" \/>\n\t\t\t\t\t\t\t\t\t<\/div>\n\t\t\t\t\t\t\t<div class=\"hero-slider__item hero-slider__item--portrait\">\n\t\t\t\t\t<img decoding=\"async\" src=\"https:\/\/jordistone.com\/wp-content\/uploads\/2026\/03\/26070555-scaled.avif\" alt=\"\" \/>\n\t\t\t\t\t\t\t\t\t<\/div>\n\t\t\t\t\t\t\t<div class=\"hero-slider__item hero-slider__item--landscape\">\n\t\t\t\t\t<img decoding=\"async\" src=\"https:\/\/jordistone.com\/wp-content\/uploads\/2026\/03\/26070033-scaled.avif\" alt=\"\" \/>\n\t\t\t\t\t\t\t\t\t<\/div>\n\t\t\t\t\t\t\t<div class=\"hero-slider__item hero-slider__item--portrait\">\n\t\t\t\t\t<img decoding=\"async\" src=\"https:\/\/jordistone.com\/wp-content\/uploads\/2026\/03\/jordi-stone-rosa.avif\" alt=\"\" \/>\n\t\t\t\t\t\t\t\t\t<\/div>\n\t\t\t\t\t<\/div>\n\n\t<\/div>\n<\/div>\t\n<div id=\"hero-slider-third\"\n\tclass=\"hero-slider\"\n\tstyle=\"--ticker-duration: 24s\">\n\t<div class=\"ticker-track\">\n\n\t\t<div class=\"ticker-set\">\n\t\t\t\t\t\t\t<div class=\"hero-slider__item hero-slider__item--portrait\">\n\t\t\t\t\t<img decoding=\"async\" src=\"https:\/\/jordistone.com\/wp-content\/uploads\/2026\/03\/jordi-stone-cel.avif\" alt=\"\" \/>\n\t\t\t\t\t\t\t\t\t<\/div>\n\t\t\t\t\t\t\t<div class=\"hero-slider__item hero-slider__item--portrait\">\n\t\t\t\t\t<img decoding=\"async\" src=\"https:\/\/jordistone.com\/wp-content\/uploads\/2026\/03\/26070357-scaled.avif\" alt=\"\" \/>\n\t\t\t\t\t\t\t\t\t<\/div>\n\t\t\t\t\t\t\t<div class=\"hero-slider__item hero-slider__item--portrait\">\n\t\t\t\t\t<img decoding=\"async\" src=\"https:\/\/jordistone.com\/wp-content\/uploads\/2026\/03\/26070628-scaled.avif\" alt=\"\" \/>\n\t\t\t\t\t\t\t\t\t<\/div>\n\t\t\t\t\t\t\t<div class=\"hero-slider__item hero-slider__item--portrait\">\n\t\t\t\t\t<img decoding=\"async\" src=\"https:\/\/jordistone.com\/wp-content\/uploads\/2026\/03\/jordi-stone-after.avif\" alt=\"\" \/>\n\t\t\t\t\t\t\t\t\t<\/div>\n\t\t\t\t\t<\/div>\n\n\t\t<div class=\"ticker-set\" aria-hidden=\"true\">\n\t\t\t\t\t\t\t<div class=\"hero-slider__item hero-slider__item--portrait\">\n\t\t\t\t\t<img decoding=\"async\" src=\"https:\/\/jordistone.com\/wp-content\/uploads\/2026\/03\/jordi-stone-cel.avif\" alt=\"\" \/>\n\t\t\t\t\t\t\t\t\t<\/div>\n\t\t\t\t\t\t\t<div class=\"hero-slider__item hero-slider__item--portrait\">\n\t\t\t\t\t<img decoding=\"async\" src=\"https:\/\/jordistone.com\/wp-content\/uploads\/2026\/03\/26070357-scaled.avif\" alt=\"\" \/>\n\t\t\t\t\t\t\t\t\t<\/div>\n\t\t\t\t\t\t\t<div class=\"hero-slider__item hero-slider__item--portrait\">\n\t\t\t\t\t<img decoding=\"async\" src=\"https:\/\/jordistone.com\/wp-content\/uploads\/2026\/03\/26070628-scaled.avif\" alt=\"\" \/>\n\t\t\t\t\t\t\t\t\t<\/div>\n\t\t\t\t\t\t\t<div class=\"hero-slider__item hero-slider__item--portrait\">\n\t\t\t\t\t<img decoding=\"async\" src=\"https:\/\/jordistone.com\/wp-content\/uploads\/2026\/03\/jordi-stone-after.avif\" alt=\"\" \/>\n\t\t\t\t\t\t\t\t\t<\/div>\n\t\t\t\t\t<\/div>\n\n\t<\/div>\n<\/div><\/section>\n\n<script>\n\t(function () {\n\t\tfunction updateShifts() {\n\t\t\tdocument.querySelectorAll('.ticker-track').forEach(function (track) {\n\t\t\t\tvar set = track.querySelector('.ticker-set');\n\t\t\t\tif (set) {\n\t\t\t\t\ttrack.style.setProperty('--ticker-shift', '-' + set.offsetWidth + 'px');\n\t\t\t\t}\n\t\t\t});\n\t\t}\n\n\t\tif (document.readyState === 'loading') {\n\t\t\tdocument.addEventListener('DOMContentLoaded', updateShifts);\n\t\t} else {\n\t\t\tupdateShifts();\n\t\t}\n\n\t\tvar resizeTimer;\n\t\twindow.addEventListener('resize', function () {\n\t\t\tclearTimeout(resizeTimer);\n\t\t\tresizeTimer = setTimeout(updateShifts, 150);\n\t\t});\n\t})();\n<\/script>\n<div id=\"sobre\" class=\"wp-block-uagb-container uagb-block-5e91952e alignfull uagb-is-root-container\"><div class=\"uagb-container-inner-blocks-wrap\">\n<h2 class=\"wp-block-heading has-text-align-center\">Qui \u00e9s Jordi Stone?<\/h2>\n\n\n\n<p class=\"has-text-align-center\">(Alter ego musical de Jordi Roca)<\/p>\n\n\n\n<p class=\"has-text-align-center\">Jordi Stone va n\u00e9ixer d\u2019una necessitat vital d\u2019explorar un nou llenguatge creatiu: la m\u00fasica. Despr\u00e9s d\u2019assolir el cim de la gastronomia mundial i ser reconegut com el millor pastisser del m\u00f3n, Jordi canalitza el seu geni creatiu en un projecte \u00edntim i experimental dins l\u2019univers de la mescla electr\u00f2nica. El que va comen\u00e7ar com una manera de desconnectar de la seva intensa vida professional ha evolucionat fins a convertir-se en una poderosa via d\u2019expressi\u00f3 art\u00edstica.<\/p>\n\n\n\n<p class=\"has-text-align-center\">En Jordi no \u00e9s un xef que punxa m\u00fasica. \u00c9s un creador que utilitza el so com el seu nou ingredient.<\/p>\n\n\n\n<p class=\"has-text-align-center\">El seu enfocament cap a la m\u00fasica neix del mateix ADN que ha definit la seva traject\u00f2ria: curiositat, risc, sensibilitat i un desig constant de trencar motlles. Explora la m\u00fasica electr\u00f2nica des d\u2019una mirada emocional i sensorial, investigant textures sonores, atmosferes i narratives musicals pensades per connectar profundament amb el p\u00fablic.<\/p>\n<\/div><\/div>\n\n<div id=\"musica\" class=\"wp-block-uagb-container uagb-block-d2fdac5f alignfull uagb-is-root-container\"><div class=\"uagb-container-inner-blocks-wrap\">\n<h2 class=\"wp-block-heading has-text-align-center\">M\u00fasica<\/h2>\n\n\n\n<div class=\"wp-block-uagb-container uagb-block-fbd4f498\">\n<div class=\"wp-block-uagb-container uagb-block-4c6ead1e\">\n<iframe data-testid=\"embed-iframe\" style=\"border-radius:12px\" src=\"https:\/\/open.spotify.com\/embed\/track\/3bZDJ3AgKKdHQa5d3Q4ozO?utm_source=generator\" width=\"100%\" height=\"352\" frameborder=\"0\" allowfullscreen=\"\" allow=\"autoplay; clipboard-write; encrypted-media; fullscreen; picture-in-picture\" loading=\"lazy\"><\/iframe>\n\n\n\n<iframe data-testid=\"embed-iframe\" style=\"border-radius:12px\" src=\"https:\/\/open.spotify.com\/embed\/track\/3bZDJ3AgKKdHQa5d3Q4ozO?utm_source=generator\" width=\"100%\" height=\"352\" frameborder=\"0\" allowfullscreen=\"\" allow=\"autoplay; clipboard-write; encrypted-media; fullscreen; picture-in-picture\" loading=\"lazy\"><\/iframe>\n<\/div>\n<\/div>\n<\/div><\/div>\n\n<div id=\"tour-dates\" class=\"wp-block-uagb-container uagb-block-a05e8ef9 alignfull uagb-is-root-container\"><div class=\"uagb-container-inner-blocks-wrap\">\n<h2 class=\"wp-block-heading has-text-align-center\">Propers shows<\/h2>\n\n\n<\/div><\/div>\n\n<div id=\"media\" class=\"wp-block-uagb-container is-darken-section uagb-block-4638a18e alignfull uagb-is-root-container\"><div class=\"uagb-container-inner-blocks-wrap\">\n<h2 class=\"wp-block-heading has-text-align-center has-white-color has-text-color has-link-color wp-elements-b1bfc990c2ce323c34a252164f6c9b16\">M\u00e8dia<\/h2>\n\n\n\n<div class=\"wp-block-uagb-container uagb-layout-grid uagb-block-921ab177\">\n<figure class=\"wp-block-image size-large\"><img loading=\"lazy\" decoding=\"async\" width=\"683\" height=\"1024\" src=\"https:\/\/jordistone.com\/wp-content\/uploads\/2026\/03\/jordi-stone-after-683x1024.avif\" alt=\"\" class=\"wp-image-50\" srcset=\"https:\/\/jordistone.com\/wp-content\/uploads\/2026\/03\/jordi-stone-after-683x1024.avif 683w, https:\/\/jordistone.com\/wp-content\/uploads\/2026\/03\/jordi-stone-after-200x300.avif 200w, https:\/\/jordistone.com\/wp-content\/uploads\/2026\/03\/jordi-stone-after-768x1152.avif 768w, https:\/\/jordistone.com\/wp-content\/uploads\/2026\/03\/jordi-stone-after.avif 1024w\" sizes=\"auto, (max-width: 683px) 100vw, 683px\" \/><\/figure>\n\n\n\n<figure class=\"wp-block-image size-large\"><img loading=\"lazy\" decoding=\"async\" width=\"683\" height=\"1024\" src=\"https:\/\/jordistone.com\/wp-content\/uploads\/2026\/03\/jordi-stone-cel-683x1024.avif\" alt=\"\" class=\"wp-image-49\" srcset=\"https:\/\/jordistone.com\/wp-content\/uploads\/2026\/03\/jordi-stone-cel-683x1024.avif 683w, https:\/\/jordistone.com\/wp-content\/uploads\/2026\/03\/jordi-stone-cel-200x300.avif 200w, https:\/\/jordistone.com\/wp-content\/uploads\/2026\/03\/jordi-stone-cel-768x1152.avif 768w, https:\/\/jordistone.com\/wp-content\/uploads\/2026\/03\/jordi-stone-cel.avif 1024w\" sizes=\"auto, (max-width: 683px) 100vw, 683px\" \/><\/figure>\n\n\n\n<figure class=\"wp-block-image size-large\"><img loading=\"lazy\" decoding=\"async\" width=\"683\" height=\"1024\" src=\"https:\/\/jordistone.com\/wp-content\/uploads\/2026\/03\/jordi-stone-rosa-683x1024.avif\" alt=\"\" class=\"wp-image-48\" srcset=\"https:\/\/jordistone.com\/wp-content\/uploads\/2026\/03\/jordi-stone-rosa-683x1024.avif 683w, https:\/\/jordistone.com\/wp-content\/uploads\/2026\/03\/jordi-stone-rosa-200x300.avif 200w, https:\/\/jordistone.com\/wp-content\/uploads\/2026\/03\/jordi-stone-rosa-768x1152.avif 768w, https:\/\/jordistone.com\/wp-content\/uploads\/2026\/03\/jordi-stone-rosa.avif 1024w\" sizes=\"auto, (max-width: 683px) 100vw, 683px\" \/><\/figure>\n\n\n\n<figure class=\"wp-block-image size-large\"><img loading=\"lazy\" decoding=\"async\" width=\"683\" height=\"1024\" src=\"https:\/\/jordistone.com\/wp-content\/uploads\/2026\/03\/jordi-stone-disco-683x1024.avif\" alt=\"\" class=\"wp-image-47\" srcset=\"https:\/\/jordistone.com\/wp-content\/uploads\/2026\/03\/jordi-stone-disco-683x1024.avif 683w, https:\/\/jordistone.com\/wp-content\/uploads\/2026\/03\/jordi-stone-disco-200x300.avif 200w, https:\/\/jordistone.com\/wp-content\/uploads\/2026\/03\/jordi-stone-disco-768x1152.avif 768w, https:\/\/jordistone.com\/wp-content\/uploads\/2026\/03\/jordi-stone-disco.avif 1024w\" sizes=\"auto, (max-width: 683px) 100vw, 683px\" \/><\/figure>\n<\/div>\n<\/div><\/div>\n\n<div id=\"booking\" class=\"wp-block-uagb-container uagb-block-231d6698 alignfull uagb-is-root-container\"><div class=\"uagb-container-inner-blocks-wrap\">\n<h2 class=\"wp-block-heading has-text-align-center\">booking<\/h2>\n\n\n\n<div class=\"wp-block-buttons is-content-justification-center is-layout-flex wp-container-core-buttons-is-layout-c5070627 wp-block-buttons-is-layout-flex\" style=\"padding-top:0\">\n<div class=\"wp-block-button is-style-outline is-style-outline--1\"><a class=\"wp-block-button__link wp-element-button\" href=\"mailto:contact@jordistone.com\" style=\"padding-right:var(--wp--preset--spacing--80);padding-left:var(--wp--preset--spacing--80)\" target=\"_blank\" rel=\"noreferrer noopener\">book Jordi Stone<\/a><\/div>\n<\/div>\n<\/div><\/div>\n\n<div id=\"merch-oficial\" class=\"wp-block-uagb-container uagb-block-b1fd69ca alignfull uagb-is-root-container\"><div class=\"uagb-container-inner-blocks-wrap\">\n<h2 class=\"wp-block-heading has-text-align-center\">merch oficial<\/h2>\n\n\n\n<div class=\"wp-block-uagb-container uagb-block-cc748311\">\n<p class=\"has-text-align-center\">El merch \u00e9s una extensi\u00f3 d\u2019aquest viatge creatiu: una manera tangible de portar l\u2019univers de Jordi Stone amb tu. Dissenys que tradueixen en mat\u00e8ria la mateixa energia, curiositat i esperit que habita a la seva m\u00fasica.<\/p>\n<\/div>\n\n\n\n<div class=\"wp-block-buttons is-content-justification-center is-layout-flex wp-container-core-buttons-is-layout-a89b3969 wp-block-buttons-is-layout-flex\">\n<div class=\"wp-block-button is-style-outline is-style-outline--2\"><a class=\"wp-block-button__link has-white-color has-text-color has-link-color wp-element-button\" href=\"https:\/\/rocambolesc.com\/es\/varios\/#jordi-stone\" style=\"padding-right:var(--wp--preset--spacing--80);padding-left:var(--wp--preset--spacing--80)\" target=\"_blank\" rel=\"noreferrer noopener\">comprar<\/a><\/div>\n<\/div>\n<\/div><\/div>\n\n<p><\/p>\n","protected":false},"excerpt":{"rendered":"<p>Qui \u00e9s Jordi Stone? (Alter ego musical de Jordi Roca) Jordi Stone va n\u00e9ixer d\u2019una necessitat vital d\u2019explorar un nou llenguatge creatiu: la m\u00fasica. Despr\u00e9s d\u2019assolir el cim de la gastronomia mundial i ser reconegut com el millor pastisser del m\u00f3n, Jordi canalitza el seu geni creatiu en un projecte \u00edntim i experimental dins l\u2019univers [&hellip;]<\/p>\n","protected":false},"author":1,"featured_media":0,"parent":0,"menu_order":0,"comment_status":"closed","ping_status":"open","template":"","meta":{"_acf_changed":false,"inline_featured_image":false,"_uag_custom_page_level_css":"","footnotes":""},"class_list":["post-63","page","type-page","status-publish","hentry"],"acf":[],"yoast_head":"<!-- This site is optimized with the Yoast SEO plugin v27.2 - https:\/\/yoast.com\/product\/yoast-seo-wordpress\/ -->\n<title>Jordi Stone - Alter ego musical de Jordi Roca<\/title>\n<meta name=\"description\" content=\"En Jordi no \u00e9s un xef que punxa m\u00fasica. \u00c9s un creador que utilitza el so com el seu nou ingredient.\" \/>\n<meta name=\"robots\" content=\"index, follow, max-snippet:-1, max-image-preview:large, max-video-preview:-1\" \/>\n<link rel=\"canonical\" href=\"https:\/\/jordistone.com\/ca\/\" \/>\n<meta property=\"og:locale\" content=\"ca_ES\" \/>\n<meta property=\"og:type\" content=\"article\" \/>\n<meta property=\"og:title\" content=\"Jordi Stone - Alter ego musical de Jordi Roca\" \/>\n<meta property=\"og:description\" content=\"En Jordi no \u00e9s un xef que punxa m\u00fasica. \u00c9s un creador que utilitza el so com el seu nou ingredient.\" \/>\n<meta property=\"og:url\" content=\"https:\/\/jordistone.com\/ca\/\" \/>\n<meta property=\"og:site_name\" content=\"Jordi Stone\" \/>\n<meta property=\"article:modified_time\" content=\"2026-03-27T11:49:25+00:00\" \/>\n<meta property=\"og:image\" content=\"https:\/\/jordistone.com\/wp-content\/uploads\/2026\/03\/jordi-stone-after-683x1024.avif\" \/>\n<meta name=\"twitter:card\" content=\"summary_large_image\" \/>\n<meta name=\"twitter:label1\" content=\"Temps estimat de lectura\" \/>\n\t<meta name=\"twitter:data1\" content=\"1 minut\" \/>\n<script type=\"application\/ld+json\" class=\"yoast-schema-graph\">{\"@context\":\"https:\/\/schema.org\",\"@graph\":[{\"@type\":\"WebPage\",\"@id\":\"https:\/\/jordistone.com\/ca\/\",\"url\":\"https:\/\/jordistone.com\/ca\/\",\"name\":\"Jordi Stone - Alter ego musical de Jordi Roca\",\"isPartOf\":{\"@id\":\"https:\/\/jordistone.com\/ca\/#website\"},\"primaryImageOfPage\":{\"@id\":\"https:\/\/jordistone.com\/ca\/#primaryimage\"},\"image\":{\"@id\":\"https:\/\/jordistone.com\/ca\/#primaryimage\"},\"thumbnailUrl\":\"https:\/\/jordistone.com\/wp-content\/uploads\/2026\/03\/jordi-stone-after-683x1024.avif\",\"datePublished\":\"2026-03-03T09:57:51+00:00\",\"dateModified\":\"2026-03-27T11:49:25+00:00\",\"description\":\"En Jordi no \u00e9s un xef que punxa m\u00fasica. \u00c9s un creador que utilitza el so com el seu nou ingredient.\",\"breadcrumb\":{\"@id\":\"https:\/\/jordistone.com\/ca\/#breadcrumb\"},\"inLanguage\":\"ca\",\"potentialAction\":[{\"@type\":\"ReadAction\",\"target\":[\"https:\/\/jordistone.com\/ca\/\"]}]},{\"@type\":\"ImageObject\",\"inLanguage\":\"ca\",\"@id\":\"https:\/\/jordistone.com\/ca\/#primaryimage\",\"url\":\"https:\/\/jordistone.com\/wp-content\/uploads\/2026\/03\/jordi-stone-after-683x1024.avif\",\"contentUrl\":\"https:\/\/jordistone.com\/wp-content\/uploads\/2026\/03\/jordi-stone-after-683x1024.avif\"},{\"@type\":\"BreadcrumbList\",\"@id\":\"https:\/\/jordistone.com\/ca\/#breadcrumb\",\"itemListElement\":[{\"@type\":\"ListItem\",\"position\":1,\"name\":\"Portada\",\"item\":\"https:\/\/jordistone.com\/ca\/\"},{\"@type\":\"ListItem\",\"position\":2,\"name\":\"Inici\"}]},{\"@type\":\"WebSite\",\"@id\":\"https:\/\/jordistone.com\/ca\/#website\",\"url\":\"https:\/\/jordistone.com\/ca\/\",\"name\":\"Jordi Stone\",\"description\":\"\",\"publisher\":{\"@id\":\"https:\/\/jordistone.com\/ca\/#organization\"},\"potentialAction\":[{\"@type\":\"SearchAction\",\"target\":{\"@type\":\"EntryPoint\",\"urlTemplate\":\"https:\/\/jordistone.com\/ca\/?s={search_term_string}\"},\"query-input\":{\"@type\":\"PropertyValueSpecification\",\"valueRequired\":true,\"valueName\":\"search_term_string\"}}],\"inLanguage\":\"ca\"},{\"@type\":\"Organization\",\"@id\":\"https:\/\/jordistone.com\/ca\/#organization\",\"name\":\"Jordi Stone\",\"url\":\"https:\/\/jordistone.com\/ca\/\",\"logo\":{\"@type\":\"ImageObject\",\"inLanguage\":\"ca\",\"@id\":\"https:\/\/jordistone.com\/ca\/#\/schema\/logo\/image\/\",\"url\":\"https:\/\/jordistone.com\/wp-content\/uploads\/2026\/03\/jordi-stone.avif\",\"contentUrl\":\"https:\/\/jordistone.com\/wp-content\/uploads\/2026\/03\/jordi-stone.avif\",\"width\":1200,\"height\":1200,\"caption\":\"Jordi Stone\"},\"image\":{\"@id\":\"https:\/\/jordistone.com\/ca\/#\/schema\/logo\/image\/\"},\"sameAs\":[\"https:\/\/www.instagram.com\/jordistone__\/\"]}]}<\/script>\n<!-- \/ Yoast SEO plugin. -->","yoast_head_json":{"title":"Jordi Stone - Alter ego musical de Jordi Roca","description":"En Jordi no \u00e9s un xef que punxa m\u00fasica. \u00c9s un creador que utilitza el so com el seu nou ingredient.","robots":{"index":"index","follow":"follow","max-snippet":"max-snippet:-1","max-image-preview":"max-image-preview:large","max-video-preview":"max-video-preview:-1"},"canonical":"https:\/\/jordistone.com\/ca\/","og_locale":"ca_ES","og_type":"article","og_title":"Jordi Stone - Alter ego musical de Jordi Roca","og_description":"En Jordi no \u00e9s un xef que punxa m\u00fasica. \u00c9s un creador que utilitza el so com el seu nou ingredient.","og_url":"https:\/\/jordistone.com\/ca\/","og_site_name":"Jordi Stone","article_modified_time":"2026-03-27T11:49:25+00:00","og_image":[{"url":"https:\/\/jordistone.com\/wp-content\/uploads\/2026\/03\/jordi-stone-after-683x1024.avif","type":"","width":"","height":""}],"twitter_card":"summary_large_image","twitter_misc":{"Temps estimat de lectura":"1 minut"},"schema":{"@context":"https:\/\/schema.org","@graph":[{"@type":"WebPage","@id":"https:\/\/jordistone.com\/ca\/","url":"https:\/\/jordistone.com\/ca\/","name":"Jordi Stone - Alter ego musical de Jordi Roca","isPartOf":{"@id":"https:\/\/jordistone.com\/ca\/#website"},"primaryImageOfPage":{"@id":"https:\/\/jordistone.com\/ca\/#primaryimage"},"image":{"@id":"https:\/\/jordistone.com\/ca\/#primaryimage"},"thumbnailUrl":"https:\/\/jordistone.com\/wp-content\/uploads\/2026\/03\/jordi-stone-after-683x1024.avif","datePublished":"2026-03-03T09:57:51+00:00","dateModified":"2026-03-27T11:49:25+00:00","description":"En Jordi no \u00e9s un xef que punxa m\u00fasica. \u00c9s un creador que utilitza el so com el seu nou ingredient.","breadcrumb":{"@id":"https:\/\/jordistone.com\/ca\/#breadcrumb"},"inLanguage":"ca","potentialAction":[{"@type":"ReadAction","target":["https:\/\/jordistone.com\/ca\/"]}]},{"@type":"ImageObject","inLanguage":"ca","@id":"https:\/\/jordistone.com\/ca\/#primaryimage","url":"https:\/\/jordistone.com\/wp-content\/uploads\/2026\/03\/jordi-stone-after-683x1024.avif","contentUrl":"https:\/\/jordistone.com\/wp-content\/uploads\/2026\/03\/jordi-stone-after-683x1024.avif"},{"@type":"BreadcrumbList","@id":"https:\/\/jordistone.com\/ca\/#breadcrumb","itemListElement":[{"@type":"ListItem","position":1,"name":"Portada","item":"https:\/\/jordistone.com\/ca\/"},{"@type":"ListItem","position":2,"name":"Inici"}]},{"@type":"WebSite","@id":"https:\/\/jordistone.com\/ca\/#website","url":"https:\/\/jordistone.com\/ca\/","name":"Jordi Stone","description":"","publisher":{"@id":"https:\/\/jordistone.com\/ca\/#organization"},"potentialAction":[{"@type":"SearchAction","target":{"@type":"EntryPoint","urlTemplate":"https:\/\/jordistone.com\/ca\/?s={search_term_string}"},"query-input":{"@type":"PropertyValueSpecification","valueRequired":true,"valueName":"search_term_string"}}],"inLanguage":"ca"},{"@type":"Organization","@id":"https:\/\/jordistone.com\/ca\/#organization","name":"Jordi Stone","url":"https:\/\/jordistone.com\/ca\/","logo":{"@type":"ImageObject","inLanguage":"ca","@id":"https:\/\/jordistone.com\/ca\/#\/schema\/logo\/image\/","url":"https:\/\/jordistone.com\/wp-content\/uploads\/2026\/03\/jordi-stone.avif","contentUrl":"https:\/\/jordistone.com\/wp-content\/uploads\/2026\/03\/jordi-stone.avif","width":1200,"height":1200,"caption":"Jordi Stone"},"image":{"@id":"https:\/\/jordistone.com\/ca\/#\/schema\/logo\/image\/"},"sameAs":["https:\/\/www.instagram.com\/jordistone__\/"]}]}},"uagb_featured_image_src":{"full":false,"thumbnail":false,"medium":false,"medium_large":false,"large":false,"1536x1536":false,"2048x2048":false},"uagb_author_info":{"display_name":"admin","author_link":"https:\/\/jordistone.com\/ca\/author\/utrans\/"},"uagb_comment_info":0,"uagb_excerpt":"Qui \u00e9s Jordi Stone? (Alter ego musical de Jordi Roca) Jordi Stone va n\u00e9ixer d\u2019una necessitat vital d\u2019explorar un nou llenguatge creatiu: la m\u00fasica. Despr\u00e9s d\u2019assolir el cim de la gastronomia mundial i ser reconegut com el millor pastisser del m\u00f3n, Jordi canalitza el seu geni creatiu en un projecte \u00edntim i experimental dins l\u2019univers&hellip;","_links":{"self":[{"href":"https:\/\/jordistone.com\/ca\/wp-json\/wp\/v2\/pages\/63","targetHints":{"allow":["GET"]}}],"collection":[{"href":"https:\/\/jordistone.com\/ca\/wp-json\/wp\/v2\/pages"}],"about":[{"href":"https:\/\/jordistone.com\/ca\/wp-json\/wp\/v2\/types\/page"}],"author":[{"embeddable":true,"href":"https:\/\/jordistone.com\/ca\/wp-json\/wp\/v2\/users\/1"}],"replies":[{"embeddable":true,"href":"https:\/\/jordistone.com\/ca\/wp-json\/wp\/v2\/comments?post=63"}],"version-history":[{"count":3,"href":"https:\/\/jordistone.com\/ca\/wp-json\/wp\/v2\/pages\/63\/revisions"}],"predecessor-version":[{"id":158,"href":"https:\/\/jordistone.com\/ca\/wp-json\/wp\/v2\/pages\/63\/revisions\/158"}],"wp:attachment":[{"href":"https:\/\/jordistone.com\/ca\/wp-json\/wp\/v2\/media?parent=63"}],"curies":[{"name":"wp","href":"https:\/\/api.w.org\/{rel}","templated":true}]}}