{"id":145,"date":"2026-03-03T09:57:51","date_gmt":"2026-03-03T09:57:51","guid":{"rendered":"https:\/\/jordistone.com\/politica-de-privacitat\/"},"modified":"2026-03-24T16:02:05","modified_gmt":"2026-03-24T16:02:05","slug":"politica-de-privacitat","status":"publish","type":"page","link":"https:\/\/jordistone.com\/ca\/politica-de-privacitat\/","title":{"rendered":"Pol\u00edtica de privacitat"},"content":{"rendered":"\n<div class=\"wp-block-uagb-container uagb-block-89904ab2 alignfull uagb-is-root-container\"><div class=\"uagb-container-inner-blocks-wrap\">\n<h2 class=\"wp-block-heading\" style=\"text-transform:none\">Pol\u00edtica de privacitat<\/h2>\n\n\n\n<p>Actualitzat: mar\u00e7 2026<\/p>\n\n\n\n<h3 class=\"wp-block-heading\" style=\"text-transform:none\">Informaci\u00f3 b\u00e0sica sobre Protecci\u00f3 de Dades<\/h3>\n\n\n\n<h3 class=\"wp-block-heading\" style=\"text-transform:none\">Responsable<\/h3>\n\n\n\n<p>Jordi Roca Fontane (en endavant, JORDI STONE)<\/p>\n\n\n\n<h3 class=\"wp-block-heading\" style=\"text-transform:none\">Finalitat<\/h3>\n\n\n\n<ul class=\"wp-block-list\">\n<li>Gesti\u00f3n de consultas enviadas a trav\u00e9s del sitio web<\/li>\n\n\n\n<li>Gesti\u00f3 d\u2019usuaris del lloc<\/li>\n\n\n\n<li>An\u00e0lisi de navegaci\u00f3 i \u00fas del lloc web<\/li>\n\n\n\n<li>Comunicacions relacionades amb l\u2019activitat art\u00edstica o informativa del projecte<\/li>\n<\/ul>\n\n\n\n<h3 class=\"wp-block-heading\" style=\"text-transform:none\">Legitimaci\u00f3n<\/h3>\n\n\n\n<p>Consentiment expr\u00e9s de l\u2019usuari, Execuci\u00f3 de contracte, Obligacions legals i inter\u00e8s leg\u00edtim.<\/p>\n\n\n\n<h3 class=\"wp-block-heading\" style=\"text-transform:none\">Destinataris<\/h3>\n\n\n\n<p>No es cediran dades a tercers, excepte:<\/p>\n\n\n\n<ul class=\"wp-block-list\">\n<li>per obligaci\u00f3 legal<\/li>\n\n\n\n<li>a prove\u00efdors de serveis tecnol\u00f2gics necessaris per al funcionament del lloc web (com serveis d\u2019anal\u00edtica)<\/li>\n<\/ul>\n\n\n\n<h3 class=\"wp-block-heading\" style=\"text-transform:none\">Drets<\/h3>\n\n\n\n<p>Accedir, rectificar i suprimir les dades, aix\u00ed com altres drets, com s\u2019explica a la informaci\u00f3 addicional.<\/p>\n\n\n\n<h3 class=\"wp-block-heading\" style=\"text-transform:none\">Informaci\u00f3 addicional<\/h3>\n\n\n\n<p>Puede consultar la informaci\u00f3n adicional y detallada sobre Protecci\u00f3n de Datos en esta misma pol\u00edtica de privacidad.<\/p>\n\n\n\n<p>JORDI STONE treballa per oferir a trav\u00e9s del seu lloc web la millor experi\u00e8ncia possible. En alguns casos, \u00e9s necessari recollir informaci\u00f3 per aconseguir-ho. <\/p>\n\n\n\n<p>Ens importa la seva privacitat i creiem que hem de ser transparents al respecte.<\/p>\n\n\n\n<p>Por ello, y a efectos de lo previsto en el Reglamento (UE) 2016\/679 del Parlamento Europeo y del Consejo, de 27 de abril, relativo a la protecci\u00f3n de datos personales y a la libre circulaci\u00f3n de estos datos (RGPD), la Ley Org\u00e1nica 3\/2018, de 5 de diciembre, de Protecci\u00f3n de Datos Personales y Garant\u00eda de los Derechos Digitales (LOPDGDD), y la Ley 34\/2002, de 11 de julio, de Servicios de la Sociedad de la Informaci\u00f3n y Comercio Electr\u00f3nico (LSSI), se informa al usuario de que los datos personales facilitados a trav\u00e9s del sitio web ser\u00e1n tratados de conformidad con la normativa vigente.<\/p>\n\n\n\n<p>El nostre comprom\u00eds comen\u00e7a per explicar-li el segu\u0308ent:<\/p>\n\n\n\n<ul class=\"wp-block-list\">\n<li>Es recullen les seves dades per millorar l\u2019experi\u00e8ncia d\u2019usuari.<\/li>\n\n\n\n<li>Som transparents respecte a les dades que obtenim i la finalitat del seu \u00fas.<\/li>\n\n\n\n<li>Quan utilitzem la seva informaci\u00f3 personal ho fem sempre complint la normativa.<\/li>\n\n\n\n<li>Les seves dades li pertanyen i pot exercir els seus drets en qualsevol moment.<\/li>\n\n\n\n<li>La nostra prioritat \u00e9s garantir la seguretat i confidencialitat de les dades.<\/li>\n<\/ul>\n\n\n\n<h3 class=\"wp-block-heading\" style=\"text-transform:none\">\u00bfQui\u00e9n es el responsable del tratamiento de sus datos personales?<\/h3>\n\n\n\n<p><strong>Responsable<\/strong>: Jordi Roca Fontane<br\/><strong>Nom comercial<\/strong>: JORDI STONE<br\/><strong>NIF<\/strong>: 40346635-N<br\/><strong>Adre\u00e7a<\/strong>: Can Sunyer, 46, 17007 Girona (Girona)<br\/><strong>Web<\/strong>: <a href=\"https:\/\/www.jordistone.com\">https:\/\/www.jordistone.com<\/a><br\/><strong>Email<\/strong>: <a href=\"mailto:press@jordistone.com\" target=\"_blank\" rel=\"noreferrer noopener\">press@jordistone.com<\/a><\/p>\n\n\n\n<p>Per a qualsevol consulta relacionada amb el tractament de dades personals pot contactar a trav\u00e9s del correu indicat.<\/p>\n\n\n\n<h3 class=\"wp-block-heading\" style=\"text-transform:none\">Quines dades personals recopilem?<\/h3>\n\n\n\n<p>Les dades personals que l\u2019usuari pot proporcionar poden incloure:<\/p>\n\n\n\n<ul class=\"wp-block-list\">\n<li>Nom<\/li>\n\n\n\n<li>Adre\u00e7a de correu electr\u00f2nic<\/li>\n\n\n\n<li>Qualsevol informaci\u00f3 que l\u2019usuari decideixi compartir en comunicacions o formularis<\/li>\n\n\n\n<li>Adre\u00e7a IP<\/li>\n\n\n\n<li>Informaci\u00f3 sobre el navegador i dispositiu utilitzat<\/li>\n\n\n\n<li>Data i hora d\u2019acc\u00e9s al lloc web<\/li>\n<\/ul>\n\n\n\n<h3 class=\"wp-block-heading\" style=\"text-transform:none\">Per qu\u00e8 i per a qu\u00e8 tractem les seves dades?<\/h3>\n\n\n\n<p>Les dades personals es poden tractar amb les finalitats segu\u0308ents:<\/p>\n\n\n\n<ul class=\"wp-block-list\">\n<li>Respondre consultes enviades pels usuaris<\/li>\n\n\n\n<li>Gestionar la comunicaci\u00f3 amb els usuaris<\/li>\n\n\n\n<li>Analitzar l\u2019\u00fas del lloc web amb finalitats estad\u00edstiques<\/li>\n\n\n\n<li>Millorar l\u2019experi\u00e8ncia de navegaci\u00f3<\/li>\n<\/ul>\n\n\n\n<h3 class=\"wp-block-heading\" style=\"text-transform:none\">Quina \u00e9s la legitimaci\u00f3 pel tractament de les seves dades?<\/h3>\n\n\n\n<p>El tractament de les seves dades pot basar-se en:<\/p>\n\n\n\n<ul class=\"wp-block-list\">\n<li>Consentiment de l\u2019usuari, quan envia una consulta o facilita les seves dades volunt\u00e0riament<\/li>\n\n\n\n<li>Execuci\u00f3 de contracte, Si ens contracten els serveis ofe<\/li>\n\n\n\n<li>Inter\u00e8s leg\u00edtim, per millorar el funcionament i seguretat del lloc web<\/li>\n<\/ul>\n\n\n\n<h3 class=\"wp-block-heading\" style=\"text-transform:none\">Quant temps conservem les seves dades?<\/h3>\n\n\n\n<p>Les dades personals es conservaran durant el temps necessari per complir amb la finalitat per la qual han estat recollides o mentre existeixi una obligaci\u00f3 legal de conservaci\u00f3.<\/p>\n\n\n\n<h3 class=\"wp-block-heading\" style=\"text-transform:none\">A quins destinataris es comuniquen les seves dades?<\/h3>\n\n\n\n<p>En alguns casos, pot ser necessari compartir dades amb tercers prove\u00efdors de serveis tecnol\u00f2gics que donen suport al funcionament del lloc web (per exemple, serveis d\u2019anal\u00edtica web).<\/p>\n\n\n\n<p>En cap cas es vendran o cediran dades personals a tercers amb finalitats comercials.<\/p>\n\n\n\n<h3 class=\"wp-block-heading\" style=\"text-transform:none\">On s\u2019emmagatzemen les seves dades?<\/h3>\n\n\n\n<p>Amb car\u00e0cter general, les dades s\u2019emmagatzemen dins de la Uni\u00f3 Europea<\/p>\n\n\n\n<p>En cas que alguns serveis utilitzats impliquin transfer\u00e8ncies internacionals de dades, aquestes es realitzaran amb les garanties adequades segons la normativa europea.<\/p>\n\n\n\n<h3 class=\"wp-block-heading\" style=\"text-transform:none\">Quins drets t\u00e9 i com pot exercir-los?<\/h3>\n\n\n\n<p>Pot exercitar els seus drets mitjan\u00e7ant una petici\u00f3 al correu electr\u00f2nic segu\u0308ent: <a href=\"mailto:press@jordistone.com\" target=\"_blank\" rel=\"noreferrer noopener\">press@jordistone.com<\/a><\/p>\n\n\n\n<p>En virtut del que estableix el RGPD pot sol\u00b7licitar:<\/p>\n\n\n\n<ul class=\"wp-block-list\">\n<li>Dret d&#8217;acc\u00e9s: podeu demanar informaci\u00f3 d&#8217;aquelles dades personals que disposem sobre vost\u00e8.<\/li>\n\n\n\n<li>Dret de rectificaci\u00f3: podeu comunicar qualsevol canvi en les vostres dades personals<\/li>\n\n\n\n<li><strong>Dret de supressi\u00f3 i a l&#8217;oblit<\/strong>: pot sol\u00b7licitar l&#8217;eliminaci\u00f3 amb el bloqueig previ de les dades personals<\/li>\n\n\n\n<li>Dret de limitaci\u00f3 al tractament: suposa la restricci\u00f3 del tractament de les dades personals.<\/li>\n\n\n\n<li>Dret d&#8217;oposici\u00f3: pot retirar el consentiment del tractament de les dades, oposant-se que es continu\u00efn tractant.<\/li>\n\n\n\n<li>Dret a la portabilitat: en alguns casos, podeu demanar una c\u00f2pia de les dades personals en un format estructurat, d&#8217;\u00fas com\u00fa i lectura mec\u00e0nica per transmetre-les a un altre responsable.<\/li>\n\n\n\n<li><strong>Dret a no ser objecte de decisions individualitzades<\/strong>: pot sol\u00b7licitar que no es prenguin decisions que es basen \u00fanicament en el tractament automatitzat, incloent-hi l&#8217;elaboraci\u00f3 de perfils, que produeixi efectes jur\u00eddics o afecti significativament l&#8217;interessat.<\/li>\n<\/ul>\n\n\n\n<p>En alguns casos, es podr\u00e0 rebutjar la sol\u00b7licitud si sol\u00b7licita que s&#8217;eliminin dades necess\u00e0ries per complir obligacions legals.<\/p>\n\n\n\n<p>Aix\u00ed mateix, si teniu alguna queixa sobre el tractament de les dades podeu presentar una reclamaci\u00f3 davant l&#8217;autoritat de protecci\u00f3 de dades:<a href=\"https:\/\/www.aepd.es\"> https:\/\/www.aepd.es<\/a><\/p>\n\n\n\n<h3 class=\"wp-block-heading\" style=\"text-transform:none\">Responsabilitat sobre les dades facilitades<\/h3>\n\n\n\n<p>L&#8217;usuari \u00e9s l&#8217;\u00fanic responsable de la veracitat i correcci\u00f3 de les dades incloses, exonerant el JORDI STONE de qualsevol responsabilitat al respecte. Els usuaris garanteixen i responen, en qualsevol cas, de l&#8217;exactitud, vig\u00e8ncia i autenticitat de les dades personals facilitades, i es comprometen a mantenir-les degudament actualitzades. L&#8217;usuari accepta proporcionar informaci\u00f3 completa i correcta al formulari de registre o subscripci\u00f3. EL JORDI STONE es reserva el dret de finalitzar els serveis contractats que s&#8217;haguera celebrat amb els usuaris, en cas que les dades que hagi facilitat siguin falses, incompletes, inexactes o no estiguin actualitzades.    <\/p>\n\n\n\n<p>JORDI STONE no respon de la veracitat de les informacions que no siguin d&#8217;elaboraci\u00f3 pr\u00f2pia i de les quals s&#8217;indiqui una altra font, per la qual cosa tampoc no assumeix cap responsabilitat quant a hipot\u00e8tics perjudicis que es puguin originar per l&#8217;\u00fas d&#8217;aquesta informaci\u00f3.<\/p>\n\n\n\n<p>JORDI STONE es reserva el dret a actualitzar, modificar o eliminar la informaci\u00f3 continguda a les seves p\u00e0gines web i fins i tot pot limitar o no permetre l&#8217;acc\u00e9s a aquesta informaci\u00f3. S&#8217;exonera el JORDI STONE de responsabilitat davant de qualsevol dany o perjudici que pogu\u00e9s patir l&#8217;usuari com a consequ\u0308\u00e8ncia d&#8217;errors, defectes o omissions, en la informaci\u00f3 facilitada pel JORDI STONE sempre que procedeixi de fonts alienes a aquesta. <\/p>\n\n\n\n<p>Aix\u00ed mateix, l&#8217;usuari certifica que \u00e9s major de 14 anys i que t\u00e9 la capacitat legal necess\u00e0ria per a la prestaci\u00f3 del consentiment pel que fa al tractament de les dades de car\u00e0cter personal.<\/p>\n\n\n\n<h3 class=\"wp-block-heading\" style=\"text-transform:none\">Dades de menors d\u2019edat<\/h3>\n\n\n\n<p>En principi, els nostres productes o serveis no van dirigits espec\u00edficament a menors d&#8217;edat. No obstant aix\u00f2, en cas que algun s&#8217;adreci a menors de catorze anys, de conformitat amb l&#8217;article 8 del RGPD i l&#8217;article 7 de la LO 3\/2018, de 5 de desembre (LOPDGDD), JORDI STONE exigir\u00e0 el consentiment v\u00e0lid, lliure, inequ\u00edvoc, menors. En aquest cas, s&#8217;exigir\u00e0 el DNI o una altra forma d&#8217;identificaci\u00f3 de qui presti el consentiment.  <\/p>\n\n\n\n<p>En el cas de majors de catorze anys, es pot procedir al tractament de les dades amb el consentiment de l&#8217;usuari, exceptuant aquells casos en qu\u00e8 la Llei exigeixi l&#8217;assist\u00e8ncia dels titulars de la p\u00e0tria potestat o tutela.<\/p>\n\n\n\n<h3 class=\"wp-block-heading\" style=\"text-transform:none\">Mesures de seguretat<\/h3>\n\n\n\n<p>JORDI STONE ha adoptat els nivells de seguretat de protecci\u00f3 de les dades personals legalment requerides, i procura instal\u00b7lar aquells altres mitjans i mesures t\u00e8cniques addicionals al seu abast per evitar la p\u00e8rdua, mal \u00fas, alteraci\u00f3, acc\u00e9s no autoritzat i robatori de les dades personals facilitades a JORDI STONE.<\/p>\n\n\n\n<p>JORDI STONE no ser\u00e1 responsable de hipot\u00e9ticos da\u00f1os o perjuicios que puedan derivarse de interferencias, omisiones, interrupciones, virus inform\u00e1ticos, aver\u00edas telef\u00f3nicas o desconexiones en el funcionamiento operativo de este sistema electr\u00f3nico, motivadas por causas ajenas a JORDI STONE; de retrasos o bloqueos en el uso del presente sistema electr\u00f3nico causados por deficiencias o sobrecargas de l\u00edneas telef\u00f3nicas o sobrecargas en el Centro de Procesos de Datos, en el sistema de Internet o en otros sistemas electr\u00f3nicos, as\u00ed como de da\u00f1os que puedan ser causados por terceras personas mediante intromisiones ileg\u00edtimas fuera del control de JORDI STONE. No obstante, el usuario debe ser consciente de que las medidas de seguridad en Internet no son inexpugnables. <\/p>\n\n\n\n<h3 class=\"wp-block-heading\" style=\"text-transform:none\">Enlla\u00e7os a altres llocs web<\/h3>\n\n\n\n<p>Aquest lloc web pot contenir enlla\u00e7os a altres llocs web.<\/p>\n\n\n\n<p>En accedir a aquests enlla\u00e7os, la visita quedar\u00e0 subjecta a les pol\u00edtiques de privacitat dels llocs web corresponents.<\/p>\n\n\n\n<p>JORDI STONE no assumeix cap responsabilitat sobre les pol\u00edtiques de privacitat d\u2019aquests llocs externs<\/p>\n\n\n\n<h3 class=\"wp-block-heading\" style=\"text-transform:none\">\u00das de cookies<\/h3>\n\n\n\n<p>Aquest lloc web utilitza cookies amb la finalitat d\u2019optimitzar i personalitzar la navegaci\u00f3 dels usuaris.<\/p>\n\n\n\n<p>Per a m\u00e9s informaci\u00f3 pot consultar la nostra Pol\u00edtica de Cookies.<\/p>\n\n\n\n<h3 class=\"wp-block-heading\" style=\"text-transform:none\">Modificaci\u00f3 de la pol\u00edtica de privacitat<\/h3>\n\n\n\n<p>Esta pol\u00edtica de privacidad puede ser modificada en cualquier momento para adaptarse a cambios legislativos o t\u00e9cnicos.<\/p>\n\n\n\n<p>Se recomienda revisarla peri\u00f3dicamente.<\/p>\n<\/div><\/div>\n","protected":false},"excerpt":{"rendered":"<p>Pol\u00edtica de privacitat Actualitzat: mar\u00e7 2026 Informaci\u00f3 b\u00e0sica sobre Protecci\u00f3 de Dades Responsable Jordi Roca Fontane (en endavant, JORDI STONE) Finalitat Legitimaci\u00f3n Consentiment expr\u00e9s de l\u2019usuari, Execuci\u00f3 de contracte, Obligacions legals i inter\u00e8s leg\u00edtim. Destinataris No es cediran dades a tercers, excepte: Drets Accedir, rectificar i suprimir les dades, aix\u00ed com altres drets, com s\u2019explica [&hellip;]<\/p>\n","protected":false},"author":1,"featured_media":0,"parent":0,"menu_order":0,"comment_status":"closed","ping_status":"open","template":"","meta":{"_acf_changed":false,"inline_featured_image":false,"_uag_custom_page_level_css":"","footnotes":""},"class_list":["post-145","page","type-page","status-publish","hentry"],"acf":[],"yoast_head":"<!-- This site is optimized with the Yoast SEO plugin v27.2 - https:\/\/yoast.com\/product\/yoast-seo-wordpress\/ -->\n<title>Pol\u00edtica de privacitat - Jordi Stone<\/title>\n<meta name=\"robots\" content=\"index, follow, max-snippet:-1, max-image-preview:large, max-video-preview:-1\" \/>\n<link rel=\"canonical\" href=\"https:\/\/jordistone.com\/ca\/politica-de-privacitat\/\" \/>\n<meta property=\"og:locale\" content=\"ca_ES\" \/>\n<meta property=\"og:type\" content=\"article\" \/>\n<meta property=\"og:title\" content=\"Pol\u00edtica de privacitat - Jordi Stone\" \/>\n<meta property=\"og:description\" content=\"Pol\u00edtica de privacitat Actualitzat: mar\u00e7 2026 Informaci\u00f3 b\u00e0sica sobre Protecci\u00f3 de Dades Responsable Jordi Roca Fontane (en endavant, JORDI STONE) Finalitat Legitimaci\u00f3n Consentiment expr\u00e9s de l\u2019usuari, Execuci\u00f3 de contracte, Obligacions legals i inter\u00e8s leg\u00edtim. Destinataris No es cediran dades a tercers, excepte: Drets Accedir, rectificar i suprimir les dades, aix\u00ed com altres drets, com s\u2019explica [&hellip;]\" \/>\n<meta property=\"og:url\" content=\"https:\/\/jordistone.com\/ca\/politica-de-privacitat\/\" \/>\n<meta property=\"og:site_name\" content=\"Jordi Stone\" \/>\n<meta property=\"article:modified_time\" content=\"2026-03-24T16:02:05+00:00\" \/>\n<meta name=\"twitter:card\" content=\"summary_large_image\" \/>\n<meta name=\"twitter:label1\" content=\"Temps estimat de lectura\" \/>\n\t<meta name=\"twitter:data1\" content=\"8 minuts\" \/>\n<script type=\"application\/ld+json\" class=\"yoast-schema-graph\">{\"@context\":\"https:\/\/schema.org\",\"@graph\":[{\"@type\":\"WebPage\",\"@id\":\"https:\/\/jordistone.com\/ca\/politica-de-privacitat\/\",\"url\":\"https:\/\/jordistone.com\/ca\/politica-de-privacitat\/\",\"name\":\"Pol\u00edtica de privacitat - Jordi Stone\",\"isPartOf\":{\"@id\":\"https:\/\/jordistone.com\/ca\/#website\"},\"datePublished\":\"2026-03-03T09:57:51+00:00\",\"dateModified\":\"2026-03-24T16:02:05+00:00\",\"breadcrumb\":{\"@id\":\"https:\/\/jordistone.com\/ca\/politica-de-privacitat\/#breadcrumb\"},\"inLanguage\":\"ca\",\"potentialAction\":[{\"@type\":\"ReadAction\",\"target\":[\"https:\/\/jordistone.com\/ca\/politica-de-privacitat\/\"]}]},{\"@type\":\"BreadcrumbList\",\"@id\":\"https:\/\/jordistone.com\/ca\/politica-de-privacitat\/#breadcrumb\",\"itemListElement\":[{\"@type\":\"ListItem\",\"position\":1,\"name\":\"Portada\",\"item\":\"https:\/\/jordistone.com\/ca\/\"},{\"@type\":\"ListItem\",\"position\":2,\"name\":\"Pol\u00edtica de privacitat\"}]},{\"@type\":\"WebSite\",\"@id\":\"https:\/\/jordistone.com\/ca\/#website\",\"url\":\"https:\/\/jordistone.com\/ca\/\",\"name\":\"Jordi Stone\",\"description\":\"\",\"publisher\":{\"@id\":\"https:\/\/jordistone.com\/ca\/#organization\"},\"potentialAction\":[{\"@type\":\"SearchAction\",\"target\":{\"@type\":\"EntryPoint\",\"urlTemplate\":\"https:\/\/jordistone.com\/ca\/?s={search_term_string}\"},\"query-input\":{\"@type\":\"PropertyValueSpecification\",\"valueRequired\":true,\"valueName\":\"search_term_string\"}}],\"inLanguage\":\"ca\"},{\"@type\":\"Organization\",\"@id\":\"https:\/\/jordistone.com\/ca\/#organization\",\"name\":\"Jordi Stone\",\"url\":\"https:\/\/jordistone.com\/ca\/\",\"logo\":{\"@type\":\"ImageObject\",\"inLanguage\":\"ca\",\"@id\":\"https:\/\/jordistone.com\/ca\/#\/schema\/logo\/image\/\",\"url\":\"https:\/\/jordistone.com\/wp-content\/uploads\/2026\/03\/jordi-stone.avif\",\"contentUrl\":\"https:\/\/jordistone.com\/wp-content\/uploads\/2026\/03\/jordi-stone.avif\",\"width\":1200,\"height\":1200,\"caption\":\"Jordi Stone\"},\"image\":{\"@id\":\"https:\/\/jordistone.com\/ca\/#\/schema\/logo\/image\/\"},\"sameAs\":[\"https:\/\/www.instagram.com\/jordistone__\/\"]}]}<\/script>\n<!-- \/ Yoast SEO plugin. -->","yoast_head_json":{"title":"Pol\u00edtica de privacitat - Jordi Stone","robots":{"index":"index","follow":"follow","max-snippet":"max-snippet:-1","max-image-preview":"max-image-preview:large","max-video-preview":"max-video-preview:-1"},"canonical":"https:\/\/jordistone.com\/ca\/politica-de-privacitat\/","og_locale":"ca_ES","og_type":"article","og_title":"Pol\u00edtica de privacitat - Jordi Stone","og_description":"Pol\u00edtica de privacitat Actualitzat: mar\u00e7 2026 Informaci\u00f3 b\u00e0sica sobre Protecci\u00f3 de Dades Responsable Jordi Roca Fontane (en endavant, JORDI STONE) Finalitat Legitimaci\u00f3n Consentiment expr\u00e9s de l\u2019usuari, Execuci\u00f3 de contracte, Obligacions legals i inter\u00e8s leg\u00edtim. Destinataris No es cediran dades a tercers, excepte: Drets Accedir, rectificar i suprimir les dades, aix\u00ed com altres drets, com s\u2019explica [&hellip;]","og_url":"https:\/\/jordistone.com\/ca\/politica-de-privacitat\/","og_site_name":"Jordi Stone","article_modified_time":"2026-03-24T16:02:05+00:00","twitter_card":"summary_large_image","twitter_misc":{"Temps estimat de lectura":"8 minuts"},"schema":{"@context":"https:\/\/schema.org","@graph":[{"@type":"WebPage","@id":"https:\/\/jordistone.com\/ca\/politica-de-privacitat\/","url":"https:\/\/jordistone.com\/ca\/politica-de-privacitat\/","name":"Pol\u00edtica de privacitat - Jordi Stone","isPartOf":{"@id":"https:\/\/jordistone.com\/ca\/#website"},"datePublished":"2026-03-03T09:57:51+00:00","dateModified":"2026-03-24T16:02:05+00:00","breadcrumb":{"@id":"https:\/\/jordistone.com\/ca\/politica-de-privacitat\/#breadcrumb"},"inLanguage":"ca","potentialAction":[{"@type":"ReadAction","target":["https:\/\/jordistone.com\/ca\/politica-de-privacitat\/"]}]},{"@type":"BreadcrumbList","@id":"https:\/\/jordistone.com\/ca\/politica-de-privacitat\/#breadcrumb","itemListElement":[{"@type":"ListItem","position":1,"name":"Portada","item":"https:\/\/jordistone.com\/ca\/"},{"@type":"ListItem","position":2,"name":"Pol\u00edtica de privacitat"}]},{"@type":"WebSite","@id":"https:\/\/jordistone.com\/ca\/#website","url":"https:\/\/jordistone.com\/ca\/","name":"Jordi Stone","description":"","publisher":{"@id":"https:\/\/jordistone.com\/ca\/#organization"},"potentialAction":[{"@type":"SearchAction","target":{"@type":"EntryPoint","urlTemplate":"https:\/\/jordistone.com\/ca\/?s={search_term_string}"},"query-input":{"@type":"PropertyValueSpecification","valueRequired":true,"valueName":"search_term_string"}}],"inLanguage":"ca"},{"@type":"Organization","@id":"https:\/\/jordistone.com\/ca\/#organization","name":"Jordi Stone","url":"https:\/\/jordistone.com\/ca\/","logo":{"@type":"ImageObject","inLanguage":"ca","@id":"https:\/\/jordistone.com\/ca\/#\/schema\/logo\/image\/","url":"https:\/\/jordistone.com\/wp-content\/uploads\/2026\/03\/jordi-stone.avif","contentUrl":"https:\/\/jordistone.com\/wp-content\/uploads\/2026\/03\/jordi-stone.avif","width":1200,"height":1200,"caption":"Jordi Stone"},"image":{"@id":"https:\/\/jordistone.com\/ca\/#\/schema\/logo\/image\/"},"sameAs":["https:\/\/www.instagram.com\/jordistone__\/"]}]}},"uagb_featured_image_src":{"full":false,"thumbnail":false,"medium":false,"medium_large":false,"large":false,"1536x1536":false,"2048x2048":false},"uagb_author_info":{"display_name":"admin","author_link":"https:\/\/jordistone.com\/ca\/author\/utrans\/"},"uagb_comment_info":0,"uagb_excerpt":"Pol\u00edtica de privacitat Actualitzat: mar\u00e7 2026 Informaci\u00f3 b\u00e0sica sobre Protecci\u00f3 de Dades Responsable Jordi Roca Fontane (en endavant, JORDI STONE) Finalitat Legitimaci\u00f3n Consentiment expr\u00e9s de l\u2019usuari, Execuci\u00f3 de contracte, Obligacions legals i inter\u00e8s leg\u00edtim. Destinataris No es cediran dades a tercers, excepte: Drets Accedir, rectificar i suprimir les dades, aix\u00ed com altres drets, com s\u2019explica&hellip;","_links":{"self":[{"href":"https:\/\/jordistone.com\/ca\/wp-json\/wp\/v2\/pages\/145","targetHints":{"allow":["GET"]}}],"collection":[{"href":"https:\/\/jordistone.com\/ca\/wp-json\/wp\/v2\/pages"}],"about":[{"href":"https:\/\/jordistone.com\/ca\/wp-json\/wp\/v2\/types\/page"}],"author":[{"embeddable":true,"href":"https:\/\/jordistone.com\/ca\/wp-json\/wp\/v2\/users\/1"}],"replies":[{"embeddable":true,"href":"https:\/\/jordistone.com\/ca\/wp-json\/wp\/v2\/comments?post=145"}],"version-history":[{"count":1,"href":"https:\/\/jordistone.com\/ca\/wp-json\/wp\/v2\/pages\/145\/revisions"}],"predecessor-version":[{"id":146,"href":"https:\/\/jordistone.com\/ca\/wp-json\/wp\/v2\/pages\/145\/revisions\/146"}],"wp:attachment":[{"href":"https:\/\/jordistone.com\/ca\/wp-json\/wp\/v2\/media?parent=145"}],"curies":[{"name":"wp","href":"https:\/\/api.w.org\/{rel}","templated":true}]}}