{"id":139,"date":"2026-03-24T12:34:23","date_gmt":"2026-03-24T12:34:23","guid":{"rendered":"https:\/\/jordistone.com\/avis-legal\/"},"modified":"2026-03-24T15:12:14","modified_gmt":"2026-03-24T15:12:14","slug":"avis-legal","status":"publish","type":"page","link":"https:\/\/jordistone.com\/ca\/avis-legal\/","title":{"rendered":"Av\u00eds legal"},"content":{"rendered":"\n<div class=\"wp-block-uagb-container uagb-block-89904ab2 alignfull uagb-is-root-container\"><div class=\"uagb-container-inner-blocks-wrap\">\n<h2 class=\"wp-block-heading\" style=\"text-transform:none\">Av\u00eds legal<\/h2>\n\n\n\n<p>Actualitzat: mar\u00e7 2026<\/p>\n\n\n\n<p>En compliment amb el deure d\u2019informaci\u00f3 recollit a l\u2019article 10 de la Llei 34\/2002, d\u201911 de juliol, de Serveis de la Societat de la Informaci\u00f3 i del Comer\u00e7 Electr\u00f2nic, l\u2019informem que el lloc web <a href=\"https:\/\/www.jordistone.com\/\" target=\"_blank\" rel=\"noreferrer noopener\">https:\/\/www.jordistone.com\/<\/a> (en endavant, el lloc \u201cWeb\u201d) \u00e9s titularitat de <strong>JORDI ROCA FONTANE<\/strong> (en endavant JORDI STONE), amb domicili a Carrer Can Sunyer, 46 de 17007 GIRONA (Girona) i NIF n\u00ba 40346635-N.<\/p>\n\n\n\n<h3 class=\"wp-block-heading\" style=\"text-transform:none\">Comunicacions<\/h3>\n\n\n\n<p>E-mail: <a href=\"mailto:press@jordistone.com\" target=\"_blank\" rel=\"noreferrer noopener\">press@jordistone.com<\/a><br\/>Web: <a href=\"https:\/\/www.jordistone.com\" target=\"_blank\" rel=\"noreferrer noopener\">https:\/\/www.jordistone.com<\/a><\/p>\n\n\n\n<p>El present av\u00eds legal regula les condicions d\u2019\u00fas del citat portal d\u2019Internet.<\/p>\n\n\n\n<h3 class=\"wp-block-heading\" style=\"text-transform:none\">Llei aplicable i jurisdicci\u00f3<\/h3>\n\n\n\n<p>Amb car\u00e0cter general, les relacions entre JORDI STONE i els usuaris dels serveis telem\u00e0tics presents a la Web es troben sotmeses a la legislaci\u00f3 i jurisdicci\u00f3 espanyoles.<\/p>\n\n\n\n<p>Les parts renuncien expressament al fur que els pugui correspondre i sotmeten expressament als Jutjats i Tribunals de Girona (Girona) per resoldre qualsevol controv\u00e8rsia que pugui sorgir en la interpretaci\u00f3 o execuci\u00f3 de les presents condicions.<\/p>\n\n\n\n<h3 class=\"wp-block-heading\" style=\"text-transform:none\">Acceptaci\u00f3 de l\u2019usuari<\/h3>\n\n\n\n<p>Aquest Av\u00eds Legal regula l\u2019acc\u00e9s i utilitzaci\u00f3 del lloc web que JORDI STONE posa a la disposici\u00f3 dels usuaris d\u2019Internet.<\/p>\n\n\n\n<p>Es considera usuari a la persona que accedeixi, navegui, utilitzi o participi en els serveis i activitats del lloc web.<\/p>\n\n\n\n<p>L\u2019usuari queda informat, i accepta, que l\u2019acc\u00e9s al present lloc web no suposa, de cap manera, l\u2019inici d\u2019una relaci\u00f3 comercial amb JORDI STONE.<\/p>\n\n\n\n<p>L\u2019acc\u00e9s i navegaci\u00f3 pel lloc web per part de l\u2019usuari suposa l\u2019acceptaci\u00f3 de la totalitat de les presents Condicions d\u2019\u00das. En cas de desacord amb les condicions, ha d\u2019abstenir-se d\u2019utilitzar el lloc web. <\/p>\n\n\n\n<h3 class=\"wp-block-heading\" style=\"text-transform:none\">Acc\u00e9s al lloc web<\/h3>\n\n\n\n<p>L\u2019acc\u00e9s al lloc web per part dels usuaris \u00e9s de car\u00e0cter lliure i gratu\u00eft.<\/p>\n\n\n\n<p>Alguns continguts o serveis del lloc web poden incloure enlla\u00e7os a plataformes o webs externes, com ara botigues en l\u00ednia o serveis de venda de productes o entrades, que poden estar subjectes a les seves pr\u00f2pies condicions d\u2019\u00fas i pol\u00edtiques.<\/p>\n\n\n\n<p>En cas que l\u2019usuari faciliti dades personals a trav\u00e9s del lloc web, la recollida i tractament d\u2019aquestes dades es realitzar\u00e0 de conformitat amb la normativa vigent, en concret amb el Reglament General de Protecci\u00f3 de Dades (RGPD) i a la Llei Org\u00e0nica de Protecci\u00f3 de Dades i Garantia de drets digitals (LOPDGDD). Per a m\u00e9s informaci\u00f3, consulti la nostra Pol\u00edtica de Privacitat. <\/p>\n\n\n\n<h3 class=\"wp-block-heading\" style=\"text-transform:none\">Contingut i \u00fas<\/h3>\n\n\n\n<p>La visita al lloc web per part de l\u2019usuari s\u2019haur\u00e0 de fer de forma responsable i de conformitat amb la legalitat vigent, la bona fe, el present Av\u00eds Legal i respectant els drets de propietat intel\u00b7lectual i industrial.<\/p>\n\n\n\n<p>Queda estrictament prohibit l\u2019\u00fas de qualsevol dels continguts del lloc web amb finalitats il\u00b7l\u00edcites o que puguin causar danys al lloc web o als seus continguts.<\/p>\n\n\n\n<p>El titular del lloc web es reserva el dret a efectuar sense previ av\u00eds les modificacions que consideri oportunes en la seva Web, podent canviar, suprimir o afegir tant els continguts i serveis que es presten a trav\u00e9s de la mateixa com la forma en la qual aquests apareguin presentats o localitzats.<\/p>\n\n\n\n<h3 class=\"wp-block-heading\" style=\"text-transform:none\">Propietat intel\u00b7lectual i industrial<\/h3>\n\n\n\n<p>Els drets de propietat intel\u00b7lectual del contingut de les p\u00e0gines web, el seu disseny gr\u00e0fic i codis s\u00f3n titularitat de JORDI STONE i, per tant, en queda prohibida la reproducci\u00f3, distribuci\u00f3, comunicaci\u00f3 p\u00fablica, transformaci\u00f3 o qualsevol altra activitat que es realitzi amb els continguts de la p\u00e0gina web, ni tan sols, encara que se&#8217;n citin les fonts, llevat que es compti amb el consentiment previ. Tots els noms comercials, marques o signes diferents de qualsevol classe continguts a les p\u00e0gines web de l&#8217;empresa s\u00f3n propietat dels amos i estan protegits per llei.<\/p>\n\n\n\n<p>JORDI STONE no concedeix cap llic\u00e8ncia o autoritzaci\u00f3 d&#8217;\u00fas de cap mena sobre els seus drets de propietat intel\u00b7lectual i industrial o sobre qualsevol altra propietat o dret relacionat amb el lloc web, i en cap cas s&#8217;entendr\u00e0 que l&#8217;acc\u00e9s i la navegaci\u00f3 dels usuaris implica una ren\u00fancia, transmissi\u00f3, llic\u00e8ncia o cessi\u00f3 total ni parcial d&#8217;aquests drets per part de JORDI STONE.<\/p>\n\n\n\n<p>Qualsevol \u00fas d&#8217;aquests continguts no autoritzat pr\u00e8viament per part de JORDI STONE ser\u00e0 considerat un incompliment greu dels drets de propietat intel\u00b7lectual o industrial i donar\u00e0 lloc a les responsabilitats legalment establertes. JORDI STONE es reserva el dret d&#8217;exercitar davant de l&#8217;usuari les accions judicials i extrajudicials que corresponguin.<\/p>\n\n\n\n<h3 class=\"wp-block-heading\" style=\"text-transform:none\">Responsabilitat i garanties<\/h3>\n\n\n\n<p>No obstant aix\u00f2, no es pot garantir:<\/p>\n\n\n\n<ul class=\"wp-block-list\">\n<li>La continu\u00eftat i disponibilitat absoluta dels continguts.<\/li>\n\n\n\n<li>L\u2019abs\u00e8ncia d\u2019errors en els continguts.<\/li>\n\n\n\n<li>L\u2019abs\u00e8ncia de virus o altres components nocius.<\/li>\n<\/ul>\n\n\n\n<p>Tampoc es fa responsable:<\/p>\n\n\n\n<ul class=\"wp-block-list\">\n<li>dels danys o perjudicis derivats de l\u2019\u00fas del lloc web,<\/li>\n\n\n\n<li>de l\u2019\u00fas que els usuaris puguin fer dels continguts,<\/li>\n\n\n\n<li>ni dels continguts de webs externes accessibles mitjan\u00e7ant enlla\u00e7os.<\/li>\n<\/ul>\n\n\n\n<h3 class=\"wp-block-heading\" style=\"text-transform:none\">Cookies<\/h3>\n\n\n\n<p>Aquest lloc web utilitza cookies per optimitzar i personalitzar la navegaci\u00f3 dels usuaris. <\/p>\n\n\n\n<h3 class=\"wp-block-heading\" style=\"text-transform:none\">Enlla\u00e7os<\/h3>\n\n\n\n<p>La pres\u00e8ncia d\u2019enlla\u00e7os al lloc web cap a altres llocs d\u2019Internet t\u00e9 finalitat merament informativa i en cap cas suposa suggeriment, invitaci\u00f3 o recomanaci\u00f3 sobre aquests. <\/p>\n\n\n\n<h3 class=\"wp-block-heading\" style=\"text-transform:none\">Modificaci\u00f3 de les condicions<\/h3>\n\n\n\n<p>JORDI STONE es reserva el dret a modificar unilateralment, total o parcialment i sense previ av\u00eds, el present Av\u00eds Legal.<\/p>\n<\/div><\/div>\n","protected":false},"excerpt":{"rendered":"<p>Av\u00eds legal Actualitzat: mar\u00e7 2026 En compliment amb el deure d\u2019informaci\u00f3 recollit a l\u2019article 10 de la Llei 34\/2002, d\u201911 de juliol, de Serveis de la Societat de la Informaci\u00f3 i del Comer\u00e7 Electr\u00f2nic, l\u2019informem que el lloc web https:\/\/www.jordistone.com\/ (en endavant, el lloc \u201cWeb\u201d) \u00e9s titularitat de JORDI ROCA FONTANE (en endavant JORDI STONE), [&hellip;]<\/p>\n","protected":false},"author":1,"featured_media":0,"parent":0,"menu_order":0,"comment_status":"closed","ping_status":"closed","template":"","meta":{"_acf_changed":false,"inline_featured_image":false,"_uag_custom_page_level_css":"","footnotes":""},"class_list":["post-139","page","type-page","status-publish","hentry"],"acf":[],"yoast_head":"<!-- This site is optimized with the Yoast SEO plugin v27.2 - https:\/\/yoast.com\/product\/yoast-seo-wordpress\/ -->\n<title>Av\u00eds legal - Jordi Stone<\/title>\n<meta name=\"robots\" content=\"index, follow, max-snippet:-1, max-image-preview:large, max-video-preview:-1\" \/>\n<link rel=\"canonical\" href=\"https:\/\/jordistone.com\/ca\/avis-legal\/\" \/>\n<meta property=\"og:locale\" content=\"ca_ES\" \/>\n<meta property=\"og:type\" content=\"article\" \/>\n<meta property=\"og:title\" content=\"Av\u00eds legal - Jordi Stone\" \/>\n<meta property=\"og:description\" content=\"Av\u00eds legal Actualitzat: mar\u00e7 2026 En compliment amb el deure d\u2019informaci\u00f3 recollit a l\u2019article 10 de la Llei 34\/2002, d\u201911 de juliol, de Serveis de la Societat de la Informaci\u00f3 i del Comer\u00e7 Electr\u00f2nic, l\u2019informem que el lloc web https:\/\/www.jordistone.com\/ (en endavant, el lloc \u201cWeb\u201d) \u00e9s titularitat de JORDI ROCA FONTANE (en endavant JORDI STONE), [&hellip;]\" \/>\n<meta property=\"og:url\" content=\"https:\/\/jordistone.com\/ca\/avis-legal\/\" \/>\n<meta property=\"og:site_name\" content=\"Jordi Stone\" \/>\n<meta property=\"article:modified_time\" content=\"2026-03-24T15:12:14+00:00\" \/>\n<meta name=\"twitter:card\" content=\"summary_large_image\" \/>\n<meta name=\"twitter:label1\" content=\"Temps estimat de lectura\" \/>\n\t<meta name=\"twitter:data1\" content=\"5 minuts\" \/>\n<script type=\"application\/ld+json\" class=\"yoast-schema-graph\">{\"@context\":\"https:\/\/schema.org\",\"@graph\":[{\"@type\":\"WebPage\",\"@id\":\"https:\/\/jordistone.com\/ca\/avis-legal\/\",\"url\":\"https:\/\/jordistone.com\/ca\/avis-legal\/\",\"name\":\"Av\u00eds legal - Jordi Stone\",\"isPartOf\":{\"@id\":\"https:\/\/jordistone.com\/ca\/#website\"},\"datePublished\":\"2026-03-24T12:34:23+00:00\",\"dateModified\":\"2026-03-24T15:12:14+00:00\",\"breadcrumb\":{\"@id\":\"https:\/\/jordistone.com\/ca\/avis-legal\/#breadcrumb\"},\"inLanguage\":\"ca\",\"potentialAction\":[{\"@type\":\"ReadAction\",\"target\":[\"https:\/\/jordistone.com\/ca\/avis-legal\/\"]}]},{\"@type\":\"BreadcrumbList\",\"@id\":\"https:\/\/jordistone.com\/ca\/avis-legal\/#breadcrumb\",\"itemListElement\":[{\"@type\":\"ListItem\",\"position\":1,\"name\":\"Portada\",\"item\":\"https:\/\/jordistone.com\/ca\/\"},{\"@type\":\"ListItem\",\"position\":2,\"name\":\"Av\u00eds legal\"}]},{\"@type\":\"WebSite\",\"@id\":\"https:\/\/jordistone.com\/ca\/#website\",\"url\":\"https:\/\/jordistone.com\/ca\/\",\"name\":\"Jordi Stone\",\"description\":\"\",\"publisher\":{\"@id\":\"https:\/\/jordistone.com\/ca\/#organization\"},\"potentialAction\":[{\"@type\":\"SearchAction\",\"target\":{\"@type\":\"EntryPoint\",\"urlTemplate\":\"https:\/\/jordistone.com\/ca\/?s={search_term_string}\"},\"query-input\":{\"@type\":\"PropertyValueSpecification\",\"valueRequired\":true,\"valueName\":\"search_term_string\"}}],\"inLanguage\":\"ca\"},{\"@type\":\"Organization\",\"@id\":\"https:\/\/jordistone.com\/ca\/#organization\",\"name\":\"Jordi Stone\",\"url\":\"https:\/\/jordistone.com\/ca\/\",\"logo\":{\"@type\":\"ImageObject\",\"inLanguage\":\"ca\",\"@id\":\"https:\/\/jordistone.com\/ca\/#\/schema\/logo\/image\/\",\"url\":\"https:\/\/jordistone.com\/wp-content\/uploads\/2026\/03\/jordi-stone.avif\",\"contentUrl\":\"https:\/\/jordistone.com\/wp-content\/uploads\/2026\/03\/jordi-stone.avif\",\"width\":1200,\"height\":1200,\"caption\":\"Jordi Stone\"},\"image\":{\"@id\":\"https:\/\/jordistone.com\/ca\/#\/schema\/logo\/image\/\"},\"sameAs\":[\"https:\/\/www.instagram.com\/jordistone__\/\"]}]}<\/script>\n<!-- \/ Yoast SEO plugin. -->","yoast_head_json":{"title":"Av\u00eds legal - Jordi Stone","robots":{"index":"index","follow":"follow","max-snippet":"max-snippet:-1","max-image-preview":"max-image-preview:large","max-video-preview":"max-video-preview:-1"},"canonical":"https:\/\/jordistone.com\/ca\/avis-legal\/","og_locale":"ca_ES","og_type":"article","og_title":"Av\u00eds legal - Jordi Stone","og_description":"Av\u00eds legal Actualitzat: mar\u00e7 2026 En compliment amb el deure d\u2019informaci\u00f3 recollit a l\u2019article 10 de la Llei 34\/2002, d\u201911 de juliol, de Serveis de la Societat de la Informaci\u00f3 i del Comer\u00e7 Electr\u00f2nic, l\u2019informem que el lloc web https:\/\/www.jordistone.com\/ (en endavant, el lloc \u201cWeb\u201d) \u00e9s titularitat de JORDI ROCA FONTANE (en endavant JORDI STONE), [&hellip;]","og_url":"https:\/\/jordistone.com\/ca\/avis-legal\/","og_site_name":"Jordi Stone","article_modified_time":"2026-03-24T15:12:14+00:00","twitter_card":"summary_large_image","twitter_misc":{"Temps estimat de lectura":"5 minuts"},"schema":{"@context":"https:\/\/schema.org","@graph":[{"@type":"WebPage","@id":"https:\/\/jordistone.com\/ca\/avis-legal\/","url":"https:\/\/jordistone.com\/ca\/avis-legal\/","name":"Av\u00eds legal - Jordi Stone","isPartOf":{"@id":"https:\/\/jordistone.com\/ca\/#website"},"datePublished":"2026-03-24T12:34:23+00:00","dateModified":"2026-03-24T15:12:14+00:00","breadcrumb":{"@id":"https:\/\/jordistone.com\/ca\/avis-legal\/#breadcrumb"},"inLanguage":"ca","potentialAction":[{"@type":"ReadAction","target":["https:\/\/jordistone.com\/ca\/avis-legal\/"]}]},{"@type":"BreadcrumbList","@id":"https:\/\/jordistone.com\/ca\/avis-legal\/#breadcrumb","itemListElement":[{"@type":"ListItem","position":1,"name":"Portada","item":"https:\/\/jordistone.com\/ca\/"},{"@type":"ListItem","position":2,"name":"Av\u00eds legal"}]},{"@type":"WebSite","@id":"https:\/\/jordistone.com\/ca\/#website","url":"https:\/\/jordistone.com\/ca\/","name":"Jordi Stone","description":"","publisher":{"@id":"https:\/\/jordistone.com\/ca\/#organization"},"potentialAction":[{"@type":"SearchAction","target":{"@type":"EntryPoint","urlTemplate":"https:\/\/jordistone.com\/ca\/?s={search_term_string}"},"query-input":{"@type":"PropertyValueSpecification","valueRequired":true,"valueName":"search_term_string"}}],"inLanguage":"ca"},{"@type":"Organization","@id":"https:\/\/jordistone.com\/ca\/#organization","name":"Jordi Stone","url":"https:\/\/jordistone.com\/ca\/","logo":{"@type":"ImageObject","inLanguage":"ca","@id":"https:\/\/jordistone.com\/ca\/#\/schema\/logo\/image\/","url":"https:\/\/jordistone.com\/wp-content\/uploads\/2026\/03\/jordi-stone.avif","contentUrl":"https:\/\/jordistone.com\/wp-content\/uploads\/2026\/03\/jordi-stone.avif","width":1200,"height":1200,"caption":"Jordi Stone"},"image":{"@id":"https:\/\/jordistone.com\/ca\/#\/schema\/logo\/image\/"},"sameAs":["https:\/\/www.instagram.com\/jordistone__\/"]}]}},"uagb_featured_image_src":{"full":false,"thumbnail":false,"medium":false,"medium_large":false,"large":false,"1536x1536":false,"2048x2048":false},"uagb_author_info":{"display_name":"admin","author_link":"https:\/\/jordistone.com\/ca\/author\/utrans\/"},"uagb_comment_info":0,"uagb_excerpt":"Av\u00eds legal Actualitzat: mar\u00e7 2026 En compliment amb el deure d\u2019informaci\u00f3 recollit a l\u2019article 10 de la Llei 34\/2002, d\u201911 de juliol, de Serveis de la Societat de la Informaci\u00f3 i del Comer\u00e7 Electr\u00f2nic, l\u2019informem que el lloc web https:\/\/www.jordistone.com\/ (en endavant, el lloc \u201cWeb\u201d) \u00e9s titularitat de JORDI ROCA FONTANE (en endavant JORDI STONE),&hellip;","_links":{"self":[{"href":"https:\/\/jordistone.com\/ca\/wp-json\/wp\/v2\/pages\/139","targetHints":{"allow":["GET"]}}],"collection":[{"href":"https:\/\/jordistone.com\/ca\/wp-json\/wp\/v2\/pages"}],"about":[{"href":"https:\/\/jordistone.com\/ca\/wp-json\/wp\/v2\/types\/page"}],"author":[{"embeddable":true,"href":"https:\/\/jordistone.com\/ca\/wp-json\/wp\/v2\/users\/1"}],"replies":[{"embeddable":true,"href":"https:\/\/jordistone.com\/ca\/wp-json\/wp\/v2\/comments?post=139"}],"version-history":[{"count":3,"href":"https:\/\/jordistone.com\/ca\/wp-json\/wp\/v2\/pages\/139\/revisions"}],"predecessor-version":[{"id":142,"href":"https:\/\/jordistone.com\/ca\/wp-json\/wp\/v2\/pages\/139\/revisions\/142"}],"wp:attachment":[{"href":"https:\/\/jordistone.com\/ca\/wp-json\/wp\/v2\/media?parent=139"}],"curies":[{"name":"wp","href":"https:\/\/api.w.org\/{rel}","templated":true}]}}