{"id":131,"date":"2026-03-24T12:35:09","date_gmt":"2026-03-24T12:35:09","guid":{"rendered":"https:\/\/jordistone.com\/politica-de-cookies\/"},"modified":"2026-03-24T14:39:52","modified_gmt":"2026-03-24T14:39:52","slug":"politica-de-cookies","status":"publish","type":"page","link":"https:\/\/jordistone.com\/ca\/politica-de-cookies\/","title":{"rendered":"Pol\u00edtica de cookies"},"content":{"rendered":"\n<div class=\"wp-block-uagb-container uagb-block-89904ab2 alignfull uagb-is-root-container\"><div class=\"uagb-container-inner-blocks-wrap\">\n<h2 class=\"wp-block-heading\" style=\"text-transform:none\">Pol\u00edtica de cookies<\/h2>\n\n\n\n<p>Actualitzada: mar\u00e7 2026<\/p>\n\n\n\n<p>El lloc web <a href=\"https:\/\/www.jordistone.com\/\">https:\/\/www.jordistone.com\/<\/a> \u00e9s responsabilitat de <strong>JORDI ROCA FONTANE<\/strong>, (en endavant <strong>JORDI STONE<\/strong>), amb adre\u00e7a de correu electr\u00f2nic <a href=\"mailto:press@jordistone.com\" target=\"_blank\" rel=\"noreferrer noopener\">press@jordistone.com<\/a><\/p>\n\n\n\n<p>Consequ\u0308entment, la utilitzaci\u00f3 de cookies se li aplica la present Pol\u00edtica d\u2019\u00das de Cookies, que ha estat elaborada amb la finalitat que l\u2019usuari quedi informat dels diferents usos que es duen a terme en aquests dispositius i pugui consentir el seu tractament de manera informada, de conformitat amb el que preveu la legislaci\u00f3 vigent.<\/p>\n\n\n\n<h3 class=\"wp-block-heading\" style=\"text-transform:none\">Qu\u00e8 \u00e9s una cookie?<\/h3>\n\n\n\n<p>Una cookie es un archivo que se descarga en el dispositivo del usuario al acceder a determinadas p\u00e1ginas web.<\/p>\n\n\n\n<p>Las cookies permiten a una p\u00e1gina web, entre otras cosas, almacenar y recuperar informaci\u00f3n sobre los h\u00e1bitos de navegaci\u00f3n de un usuario o de su dispositivo y, dependiendo de la informaci\u00f3n que contengan y de la forma en que utilice su equipo, pueden utilizarse para reconocer al usuario.<\/p>\n\n\n\n<h3 class=\"wp-block-heading\" style=\"text-transform:none\">Quins tipus de cookies hi ha?<\/h3>\n\n\n\n<p>Hi ha diversos tipus de cookies en funci\u00f3 de diferents criteris:<\/p>\n\n\n\n<p><strong>En funci\u00f3 del temps que romanen activades<\/strong><\/p>\n\n\n\n<ul class=\"wp-block-list\">\n<li>Cookies de sessi\u00f3: s\u00f3n un tipus de cookies dissenyades per recollir i emmagatzemar dades mentre l\u2019usuari accedeix a una p\u00e0gina web.<\/li>\n\n\n\n<li><strong>Cookies persistents<\/strong>: s\u00f3n aquelles en qu\u00e8 les dades segueixen emmagatzemades al dispositiu i poden ser accedides i tractades durant un per\u00edode definit pel responsable de la cookie.<\/li>\n<\/ul>\n\n\n\n<p><strong>En funci\u00f3 de la titularitat<\/strong><\/p>\n\n\n\n<ul class=\"wp-block-list\">\n<li><strong>Cookies pr\u00f2pies<\/strong>: s\u00f3n les gestionades directament pel lloc web jordistone.com.<\/li>\n\n\n\n<li><strong>Cookies de tercers<\/strong>: s\u00f3n aquelles gestionades per serveis externs que processen les dades recollides.<\/li>\n<\/ul>\n\n\n\n<p><strong>En funci\u00f3 de la seva finalitat<\/strong><\/p>\n\n\n\n<ul class=\"wp-block-list\">\n<li><strong>Cookies t\u00e8cniques<\/strong>: permeten la navegaci\u00f3 pel lloc web i l\u2019\u00fas de les seves funcionalitats b\u00e0siques.<\/li>\n\n\n\n<li><strong>Cookies d&#8217;an\u00e0lisi<\/strong>: permeten analitzar el comportament dels usuaris dins del lloc web amb la finalitat de millorar el servei.<\/li>\n\n\n\n<li><strong>Cookies de publicitat<\/strong>: permeten gestionar espais publicitaris i mostrar anuncis rellevants segons els h\u00e0bits de navegaci\u00f3.<\/li>\n<\/ul>\n\n\n\n<h3 class=\"wp-block-heading\" style=\"text-transform:none\">Per qu\u00e8 serveix una cookie?<\/h3>\n\n\n\n<p>Les cookies s\u2019utilitzen per:<\/p>\n\n\n\n<ul class=\"wp-block-list\">\n<li>millorar l\u2019experi\u00e8ncia de navegaci\u00f3<\/li>\n\n\n\n<li>analitzar el funcionament del lloc web<\/li>\n\n\n\n<li>recon\u00e8ixer l\u2019usuari durant la seva visita<\/li>\n\n\n\n<li>detectar incid\u00e8ncies t\u00e8cniques<\/li>\n\n\n\n<li>obtenir estad\u00edstiques d\u2019\u00fas del lloc web<\/li>\n<\/ul>\n\n\n\n<h3 class=\"wp-block-heading\" style=\"text-transform:none\">Es necessita el meu consentiment per implantar una cookie?<\/h3>\n\n\n\n<p>No cal el consentiment per a la instal\u00b7laci\u00f3 de cookies t\u00e8cniques, ja que s\u00f3n estrictament necess\u00e0ries per al funcionament del lloc web.<\/p>\n\n\n\n<p>Per a la resta de cookies, com les cookies d\u2019an\u00e0lisi, s\u00ed que es necessita el consentiment de l\u2019usuari, que es sol\u00b7licita mitjan\u00e7ant el banner de cookies.<\/p>\n\n\n\n<p>L\u2019usuari pot retirar el seu consentiment en qualsevol moment.<\/p>\n\n\n\n<h3 class=\"wp-block-heading\" style=\"text-transform:none\">Cookies utilitzades en aquest lloc web<\/h3>\n\n\n\n<p>Aquest lloc web pot utilitzar <strong>Google Analytics<\/strong>, un servei d\u2019anal\u00edtica web desenvolupat per Google LLC, que permet analitzar com interactuen els usuaris amb el lloc web.<\/p>\n\n\n\n<p>Google Analytics utilitza cookies que recopilen informaci\u00f3 sobre la navegaci\u00f3 dels usuaris, inclosa la seva adre\u00e7a IP, que pot ser transmesa i emmagatzemada per Google en servidors situats fora de la Uni\u00f3 Europea.<\/p>\n\n\n\n<p>La informaci\u00f3 recopilada s\u2019utilitza amb la finalitat d\u2019elaborar informes estad\u00edstics sobre l\u2019\u00fas del lloc web.<\/p>\n\n\n\n<p>Per a m\u00e9s informaci\u00f3:<br\/><a href=\"https:\/\/developers.google.com\/analytics\/devguides\/collection\/ga4\" target=\"_blank\" rel=\"noreferrer noopener\">https:\/\/developers.google.com\/analytics\/devguides\/collection\/ga4<\/a><\/p>\n\n\n\n<h3 class=\"wp-block-heading\" style=\"text-transform:none\">Cookies de Google Analytics<\/h3>\n\n\n\n<figure class=\"wp-block-table\"><table><tbody><tr><td><strong>Propietat<\/strong><\/td><td><strong>Nom<\/strong><\/td><td><strong> Finalitat<\/strong><\/td><td><strong>Caducitat<\/strong><\/td><\/tr><tr><td>jordistone.com<\/td><td>_ga<\/td><td>Permet distingir usuaris \u00fanics per generar estad\u00edstiques d\u2019\u00fas del web<\/td><td>2 anys<\/td><\/tr><tr><td>jordistone.com<\/td><td>ga*<\/td><td>Permet mantenir l\u2019estat de la sessi\u00f3<\/td><td>2 anys<\/td><\/tr><\/tbody><\/table><\/figure>\n\n\n\n<h3 class=\"wp-block-heading\" style=\"text-transform:none\">Com desactivar cookies?<\/h3>\n\n\n\n<p>Pot permetre, bloquejar o eliminar les cookies instal\u00b7lades al seu dispositiu mitjan\u00e7ant la configuraci\u00f3 del navegador:<\/p>\n\n\n\n<p><strong>Firefox<\/strong>: <a href=\"https:\/\/support.mozilla.org\/es\/kb\/habilitar-y-deshabilitar-cookies-sitios-web-rastrear-preferencias\" target=\"_blank\" rel=\"noreferrer noopener\">https:\/\/support.mozilla.org\/es\/kb\/habilitar-y-deshabilitar-cookies-sitios-web-rastrear-preferencias<\/a><\/p>\n\n\n\n<p><strong>Chrome<\/strong>: <a href=\"https:\/\/support.google.com\/chrome\/answer\/95647\" target=\"_blank\" rel=\"noreferrer noopener\">https:\/\/support.google.com\/chrome\/answer\/95647<\/a><\/p>\n\n\n\n<p><strong>Safari<\/strong>: h<a href=\"ttps:\/\/support.apple.com\/es-es\/guide\/safari\/sfri11471\/mac\" target=\"_blank\" rel=\"noreferrer noopener\">ttps:\/\/support.apple.com\/es-es\/guide\/safari\/sfri11471\/mac<\/a><\/p>\n\n\n\n<p><strong>Edge<\/strong>: <a href=\"https:\/\/support.microsoft.com\/es-es\/help\/4027947\" target=\"_blank\" rel=\"noreferrer noopener\">https:\/\/support.microsoft.com\/es-es\/help\/4027947<\/a><\/p>\n\n\n\n<h3 class=\"wp-block-heading\" style=\"text-transform:none\">Exercici de drets<\/h3>\n\n\n\n<p>Pot con\u00e8ixer i exercir els seus drets en mat\u00e8ria de protecci\u00f3 de dades accedint a la nostra <strong>Pol\u00edtica de Privacitat<\/strong> o contactant amb nosaltres a: <a href=\"mailto:press@jordistone.com\" target=\"_blank\" rel=\"noreferrer noopener\">press@jordistone.com<\/a>.<\/p>\n\n\n\n<h3 class=\"wp-block-heading\" style=\"text-transform:none\">Informaci\u00f3 addicional<\/h3>\n\n\n\n<p>Podeu consultar m\u00e9s informaci\u00f3 a la guia sobre l\u2019\u00fas de cookies publicada per l\u2019Ag\u00e8ncia Espanyola de Protecci\u00f3 de Dades (AEPD):<br\/><a href=\"https:\/\/www.aepd.es\/es\/documento\/guia-cookies.pdf\" target=\"_blank\" rel=\"noreferrer noopener\">https:\/\/www.aepd.es\/es\/documento\/guia-cookies.pdf<\/a><\/p>\n<\/div><\/div>\n","protected":false},"excerpt":{"rendered":"<p>Pol\u00edtica de cookies Actualitzada: mar\u00e7 2026 El lloc web https:\/\/www.jordistone.com\/ \u00e9s responsabilitat de JORDI ROCA FONTANE, (en endavant JORDI STONE), amb adre\u00e7a de correu electr\u00f2nic press@jordistone.com Consequ\u0308entment, la utilitzaci\u00f3 de cookies se li aplica la present Pol\u00edtica d\u2019\u00das de Cookies, que ha estat elaborada amb la finalitat que l\u2019usuari quedi informat dels diferents usos que [&hellip;]<\/p>\n","protected":false},"author":1,"featured_media":0,"parent":0,"menu_order":0,"comment_status":"closed","ping_status":"closed","template":"","meta":{"_acf_changed":false,"inline_featured_image":false,"_uag_custom_page_level_css":"","footnotes":""},"class_list":["post-131","page","type-page","status-publish","hentry"],"acf":[],"yoast_head":"<!-- This site is optimized with the Yoast SEO plugin v27.2 - https:\/\/yoast.com\/product\/yoast-seo-wordpress\/ -->\n<title>Pol\u00edtica de cookies - Jordi Stone<\/title>\n<meta name=\"robots\" content=\"index, follow, max-snippet:-1, max-image-preview:large, max-video-preview:-1\" \/>\n<link rel=\"canonical\" href=\"https:\/\/jordistone.com\/ca\/politica-de-cookies\/\" \/>\n<meta property=\"og:locale\" content=\"ca_ES\" \/>\n<meta property=\"og:type\" content=\"article\" \/>\n<meta property=\"og:title\" content=\"Pol\u00edtica de cookies - Jordi Stone\" \/>\n<meta property=\"og:description\" content=\"Pol\u00edtica de cookies Actualitzada: mar\u00e7 2026 El lloc web https:\/\/www.jordistone.com\/ \u00e9s responsabilitat de JORDI ROCA FONTANE, (en endavant JORDI STONE), amb adre\u00e7a de correu electr\u00f2nic press@jordistone.com Consequ\u0308entment, la utilitzaci\u00f3 de cookies se li aplica la present Pol\u00edtica d\u2019\u00das de Cookies, que ha estat elaborada amb la finalitat que l\u2019usuari quedi informat dels diferents usos que [&hellip;]\" \/>\n<meta property=\"og:url\" content=\"https:\/\/jordistone.com\/ca\/politica-de-cookies\/\" \/>\n<meta property=\"og:site_name\" content=\"Jordi Stone\" \/>\n<meta property=\"article:modified_time\" content=\"2026-03-24T14:39:52+00:00\" \/>\n<meta name=\"twitter:card\" content=\"summary_large_image\" \/>\n<meta name=\"twitter:label1\" content=\"Temps estimat de lectura\" \/>\n\t<meta name=\"twitter:data1\" content=\"4 minuts\" \/>\n<script type=\"application\/ld+json\" class=\"yoast-schema-graph\">{\"@context\":\"https:\/\/schema.org\",\"@graph\":[{\"@type\":\"WebPage\",\"@id\":\"https:\/\/jordistone.com\/ca\/politica-de-cookies\/\",\"url\":\"https:\/\/jordistone.com\/ca\/politica-de-cookies\/\",\"name\":\"Pol\u00edtica de cookies - Jordi Stone\",\"isPartOf\":{\"@id\":\"https:\/\/jordistone.com\/ca\/#website\"},\"datePublished\":\"2026-03-24T12:35:09+00:00\",\"dateModified\":\"2026-03-24T14:39:52+00:00\",\"breadcrumb\":{\"@id\":\"https:\/\/jordistone.com\/ca\/politica-de-cookies\/#breadcrumb\"},\"inLanguage\":\"ca\",\"potentialAction\":[{\"@type\":\"ReadAction\",\"target\":[\"https:\/\/jordistone.com\/ca\/politica-de-cookies\/\"]}]},{\"@type\":\"BreadcrumbList\",\"@id\":\"https:\/\/jordistone.com\/ca\/politica-de-cookies\/#breadcrumb\",\"itemListElement\":[{\"@type\":\"ListItem\",\"position\":1,\"name\":\"Portada\",\"item\":\"https:\/\/jordistone.com\/ca\/\"},{\"@type\":\"ListItem\",\"position\":2,\"name\":\"Pol\u00edtica de cookies\"}]},{\"@type\":\"WebSite\",\"@id\":\"https:\/\/jordistone.com\/ca\/#website\",\"url\":\"https:\/\/jordistone.com\/ca\/\",\"name\":\"Jordi Stone\",\"description\":\"\",\"publisher\":{\"@id\":\"https:\/\/jordistone.com\/ca\/#organization\"},\"potentialAction\":[{\"@type\":\"SearchAction\",\"target\":{\"@type\":\"EntryPoint\",\"urlTemplate\":\"https:\/\/jordistone.com\/ca\/?s={search_term_string}\"},\"query-input\":{\"@type\":\"PropertyValueSpecification\",\"valueRequired\":true,\"valueName\":\"search_term_string\"}}],\"inLanguage\":\"ca\"},{\"@type\":\"Organization\",\"@id\":\"https:\/\/jordistone.com\/ca\/#organization\",\"name\":\"Jordi Stone\",\"url\":\"https:\/\/jordistone.com\/ca\/\",\"logo\":{\"@type\":\"ImageObject\",\"inLanguage\":\"ca\",\"@id\":\"https:\/\/jordistone.com\/ca\/#\/schema\/logo\/image\/\",\"url\":\"https:\/\/jordistone.com\/wp-content\/uploads\/2026\/03\/jordi-stone.avif\",\"contentUrl\":\"https:\/\/jordistone.com\/wp-content\/uploads\/2026\/03\/jordi-stone.avif\",\"width\":1200,\"height\":1200,\"caption\":\"Jordi Stone\"},\"image\":{\"@id\":\"https:\/\/jordistone.com\/ca\/#\/schema\/logo\/image\/\"},\"sameAs\":[\"https:\/\/www.instagram.com\/jordistone__\/\"]}]}<\/script>\n<!-- \/ Yoast SEO plugin. -->","yoast_head_json":{"title":"Pol\u00edtica de cookies - Jordi Stone","robots":{"index":"index","follow":"follow","max-snippet":"max-snippet:-1","max-image-preview":"max-image-preview:large","max-video-preview":"max-video-preview:-1"},"canonical":"https:\/\/jordistone.com\/ca\/politica-de-cookies\/","og_locale":"ca_ES","og_type":"article","og_title":"Pol\u00edtica de cookies - Jordi Stone","og_description":"Pol\u00edtica de cookies Actualitzada: mar\u00e7 2026 El lloc web https:\/\/www.jordistone.com\/ \u00e9s responsabilitat de JORDI ROCA FONTANE, (en endavant JORDI STONE), amb adre\u00e7a de correu electr\u00f2nic press@jordistone.com Consequ\u0308entment, la utilitzaci\u00f3 de cookies se li aplica la present Pol\u00edtica d\u2019\u00das de Cookies, que ha estat elaborada amb la finalitat que l\u2019usuari quedi informat dels diferents usos que [&hellip;]","og_url":"https:\/\/jordistone.com\/ca\/politica-de-cookies\/","og_site_name":"Jordi Stone","article_modified_time":"2026-03-24T14:39:52+00:00","twitter_card":"summary_large_image","twitter_misc":{"Temps estimat de lectura":"4 minuts"},"schema":{"@context":"https:\/\/schema.org","@graph":[{"@type":"WebPage","@id":"https:\/\/jordistone.com\/ca\/politica-de-cookies\/","url":"https:\/\/jordistone.com\/ca\/politica-de-cookies\/","name":"Pol\u00edtica de cookies - Jordi Stone","isPartOf":{"@id":"https:\/\/jordistone.com\/ca\/#website"},"datePublished":"2026-03-24T12:35:09+00:00","dateModified":"2026-03-24T14:39:52+00:00","breadcrumb":{"@id":"https:\/\/jordistone.com\/ca\/politica-de-cookies\/#breadcrumb"},"inLanguage":"ca","potentialAction":[{"@type":"ReadAction","target":["https:\/\/jordistone.com\/ca\/politica-de-cookies\/"]}]},{"@type":"BreadcrumbList","@id":"https:\/\/jordistone.com\/ca\/politica-de-cookies\/#breadcrumb","itemListElement":[{"@type":"ListItem","position":1,"name":"Portada","item":"https:\/\/jordistone.com\/ca\/"},{"@type":"ListItem","position":2,"name":"Pol\u00edtica de cookies"}]},{"@type":"WebSite","@id":"https:\/\/jordistone.com\/ca\/#website","url":"https:\/\/jordistone.com\/ca\/","name":"Jordi Stone","description":"","publisher":{"@id":"https:\/\/jordistone.com\/ca\/#organization"},"potentialAction":[{"@type":"SearchAction","target":{"@type":"EntryPoint","urlTemplate":"https:\/\/jordistone.com\/ca\/?s={search_term_string}"},"query-input":{"@type":"PropertyValueSpecification","valueRequired":true,"valueName":"search_term_string"}}],"inLanguage":"ca"},{"@type":"Organization","@id":"https:\/\/jordistone.com\/ca\/#organization","name":"Jordi Stone","url":"https:\/\/jordistone.com\/ca\/","logo":{"@type":"ImageObject","inLanguage":"ca","@id":"https:\/\/jordistone.com\/ca\/#\/schema\/logo\/image\/","url":"https:\/\/jordistone.com\/wp-content\/uploads\/2026\/03\/jordi-stone.avif","contentUrl":"https:\/\/jordistone.com\/wp-content\/uploads\/2026\/03\/jordi-stone.avif","width":1200,"height":1200,"caption":"Jordi Stone"},"image":{"@id":"https:\/\/jordistone.com\/ca\/#\/schema\/logo\/image\/"},"sameAs":["https:\/\/www.instagram.com\/jordistone__\/"]}]}},"uagb_featured_image_src":{"full":false,"thumbnail":false,"medium":false,"medium_large":false,"large":false,"1536x1536":false,"2048x2048":false},"uagb_author_info":{"display_name":"admin","author_link":"https:\/\/jordistone.com\/ca\/author\/utrans\/"},"uagb_comment_info":0,"uagb_excerpt":"Pol\u00edtica de cookies Actualitzada: mar\u00e7 2026 El lloc web https:\/\/www.jordistone.com\/ \u00e9s responsabilitat de JORDI ROCA FONTANE, (en endavant JORDI STONE), amb adre\u00e7a de correu electr\u00f2nic press@jordistone.com Consequ\u0308entment, la utilitzaci\u00f3 de cookies se li aplica la present Pol\u00edtica d\u2019\u00das de Cookies, que ha estat elaborada amb la finalitat que l\u2019usuari quedi informat dels diferents usos que&hellip;","_links":{"self":[{"href":"https:\/\/jordistone.com\/ca\/wp-json\/wp\/v2\/pages\/131","targetHints":{"allow":["GET"]}}],"collection":[{"href":"https:\/\/jordistone.com\/ca\/wp-json\/wp\/v2\/pages"}],"about":[{"href":"https:\/\/jordistone.com\/ca\/wp-json\/wp\/v2\/types\/page"}],"author":[{"embeddable":true,"href":"https:\/\/jordistone.com\/ca\/wp-json\/wp\/v2\/users\/1"}],"replies":[{"embeddable":true,"href":"https:\/\/jordistone.com\/ca\/wp-json\/wp\/v2\/comments?post=131"}],"version-history":[{"count":3,"href":"https:\/\/jordistone.com\/ca\/wp-json\/wp\/v2\/pages\/131\/revisions"}],"predecessor-version":[{"id":134,"href":"https:\/\/jordistone.com\/ca\/wp-json\/wp\/v2\/pages\/131\/revisions\/134"}],"wp:attachment":[{"href":"https:\/\/jordistone.com\/ca\/wp-json\/wp\/v2\/media?parent=131"}],"curies":[{"name":"wp","href":"https:\/\/api.w.org\/{rel}","templated":true}]}}